{"id":22458,"date":"2026-04-14T20:30:07","date_gmt":"2026-04-14T20:30:07","guid":{"rendered":"https:\/\/seecon.de\/?post_type=product&#038;p=22458"},"modified":"2026-04-14T21:37:37","modified_gmt":"2026-04-14T21:37:37","slug":"knoten-halle-strecke-6343-erneuerung-saalebruecken-1-planaenderung-umweltplanung","status":"publish","type":"product","link":"https:\/\/seecon.de\/en\/product\/knoten-halle-strecke-6343-erneuerung-saalebruecken-1-planaenderung-umweltplanung\/","title":{"rendered":"Knoten Halle &#8211; Strecke 6343 \u2013 Erneuerung Saalebr\u00fccken, 1. Plan\u00e4nderung (Umweltplanung)"},"content":{"rendered":"<p data-start=\"143\" data-end=\"427\">Entlang der Eisenbahnstrecke Halle (Saale) Hbf. \u2013 Hann. M\u00fcnden Str. 6343 liegen die beiden Eisenbahnbr\u00fccken Saalebr\u00fccke (km 7,690 \u2013 7,880) und Saaleflutbr\u00fccke (km 8,730 \u2013 9,000). Die Bauwerke sind aufgrund zahlreicher Sch\u00e4den zu ert\u00fcchtigen und die Fahrbahnkonstruktion zu erneuern.<\/p>\n<p data-start=\"429\" data-end=\"709\">F\u00fcr das Vorhaben \u201eKnoten Halle \u2013 Erneuerung der Saalebr\u00fccke bei km 7,690 bis 7,880 und der Saaleflutbr\u00fccke bei km 8,730 bis 9,000\u201c wurde mit Beschluss vom 03.05.2022 der Plan durch die zust\u00e4ndige Planfeststellungsbeh\u00f6rde, das Eisenbahn-Bundesamt Au\u00dfenstelle Halle, festgestellt.<\/p>\n<p data-start=\"711\" data-end=\"885\">Aufgrund erforderlicher Erweiterungen des Bauumfangs wurde die bestehende technische Planung und damit auch die Unterlagen des Umweltteils einem Tekturverfahren unterzogen.<\/p>\n<p data-start=\"887\" data-end=\"1171\">In der Startphase konnte die technische Planung bez\u00fcglich der Konfliktpotenziale in Zusammenarbeit mit dem federf\u00fchrenden B\u00fcro in enger Abstimmung optimiert werden. Auch aufgrund des fortgeschrittenen Planungsstandes erfolgten mitunter umfangreiche umweltplanerische Neubewertungen.<\/p>\n<p data-start=\"1173\" data-end=\"1355\">Bez\u00fcglich der Eingriffsregelung wurde die BKompV f\u00fcr neu hinzukommende Fl\u00e4chenanspr\u00fcche angewendet. Eine weitere Kompensationsfl\u00e4che wurde in der Folge im Norden von Halle eruiert.<\/p>\n<p data-start=\"1357\" data-end=\"1622\">F\u00fcr Belange von Natura 2000 und dem Artenschutz erfolgten neue Untersuchungen und Kartierungen an den Bauwerken sowie entlang der Saale. Weiterhin musste eine Fortschreibung der FINK-Datenbank vorgenommen werden. Die Unterlagen wurden im Februar 2025 eingereicht.<\/p>\n<p data-start=\"1624\" data-end=\"1827\">Weiterhin wurde durch den AG parallel die Ausf\u00fchrungsplanung vorbereitet. Hierzu leisteten die seecon Ingenieure mit ihrem Netzwerk unterst\u00fctzende Zuarbeiten. Die Genehmigung wird f\u00fcr Juni 2025 erwartet.<\/p>","protected":false},"excerpt":{"rendered":"<table width=\"656\">\n<tbody>\n<tr>\n<td width=\"212\"><strong>Category<\/strong><\/td>\n<\/tr>\n<tr>\n<td width=\"212\">&#8211;<\/td>\n<\/tr>\n<tr>\n<td width=\"212\"><strong>Auftraggeber<\/strong><\/td>\n<\/tr>\n<tr>\n<td width=\"212\">DB InfraGO AG<br \/>\nHerr M\u00fcller<br \/>\nvolker.ab.mueller@deutschebahn.com<br \/>\n+49 152 37551393<\/td>\n<\/tr>\n<tr>\n<td width=\"212\"><strong>Period<\/strong><\/td>\n<\/tr>\n<tr>\n<td width=\"212\">08.2022 \u2013 06.2025<\/td>\n<\/tr>\n<tr>\n<td width=\"212\"><strong>Leistungsumfang<\/strong><\/td>\n<\/tr>\n<tr>\n<td width=\"212\">\u00dcberarbeitung der 2022 planfestgestellten Unterlagen im Blaudruckverfahren, folgende Unterlagen wurden \u00fcberarbeitet: LBP, Artenschutzfachbeitrag, FFH- und SPA-VP, Fachbeitrag WRRL, Umwelterkl\u00e4rung, Aktualisierung von Kartierleistungen \u00fcber NAN<\/td>\n<\/tr>\n<\/tbody>\n<\/table>","protected":false},"featured_media":22367,"template":"","meta":{"_acf_changed":false},"product_brand":[],"product_cat":[39],"product_tag":[],"class_list":{"0":"post-22458","1":"product","2":"type-product","3":"status-publish","4":"has-post-thumbnail","6":"product_cat-natur-wasser","8":"first","9":"instock","10":"shipping-taxable","11":"product-type-simple"},"acf":[],"aioseo_notices":[],"_links":{"self":[{"href":"https:\/\/seecon.de\/en\/wp-json\/wp\/v2\/product\/22458","targetHints":{"allow":["GET"]}}],"collection":[{"href":"https:\/\/seecon.de\/en\/wp-json\/wp\/v2\/product"}],"about":[{"href":"https:\/\/seecon.de\/en\/wp-json\/wp\/v2\/types\/product"}],"wp:featuredmedia":[{"embeddable":true,"href":"https:\/\/seecon.de\/en\/wp-json\/wp\/v2\/media\/22367"}],"wp:attachment":[{"href":"https:\/\/seecon.de\/en\/wp-json\/wp\/v2\/media?parent=22458"}],"wp:term":[{"taxonomy":"product_brand","embeddable":true,"href":"https:\/\/seecon.de\/en\/wp-json\/wp\/v2\/product_brand?post=22458"},{"taxonomy":"product_cat","embeddable":true,"href":"https:\/\/seecon.de\/en\/wp-json\/wp\/v2\/product_cat?post=22458"},{"taxonomy":"product_tag","embeddable":true,"href":"https:\/\/seecon.de\/en\/wp-json\/wp\/v2\/product_tag?post=22458"}],"curies":[{"name":"wp","href":"https:\/\/api.w.org\/{rel}","templated":true}]}}