{"id":22461,"date":"2026-04-14T20:30:20","date_gmt":"2026-04-14T20:30:20","guid":{"rendered":"https:\/\/seecon.de\/?post_type=product&#038;p=22461"},"modified":"2026-04-15T04:13:18","modified_gmt":"2026-04-15T04:13:18","slug":"b-plan-solarthermie-leipzig-lausen","status":"publish","type":"product","link":"https:\/\/seecon.de\/en\/product\/b-plan-solarthermie-leipzig-lausen\/","title":{"rendered":"B-Plan Solarthermie Leipzig-Lausen"},"content":{"rendered":"<p data-start=\"120\" data-end=\"405\">Auf der bisher landwirtschaftlich genutzten Fl\u00e4che in Leipzig-Lausen sollen auf ca. 16 ha ein Mix aus Solarthermiefreifl\u00e4chenanlagen und Landschaftsplanung entstehen. Hierbei wird durch die Leipziger Stadtwerke die bisher gr\u00f6\u00dfte Solarthermiefreifl\u00e4chenanlage Deutschlands entwickelt.<\/p>\n<p data-start=\"407\" data-end=\"665\">Die seecon Ingenieure \u00fcbernahmen f\u00fcr das Projekt die Entwicklung des Bebauungsplanes, die Erarbeitung des Umweltberichtes sowie des Artenschutzfachbeitrages, einer Landschaftsbildanalyse, eines Gr\u00fcnordnungsplans sowie die Eingriffs-\/Ausgleichsbilanzierung.<\/p>\n<p data-start=\"667\" data-end=\"902\">Innerhalb des Vorentwurfs wurden anhand verschiedener Konzeptvarianten, welche seecon hierf\u00fcr erstellt hatte, die Vertr\u00e4glichkeit zwischen technischer Solarthermieanlage und Landschaftsplanung sowie Arten- und Naturschutz ausgelotet.<\/p>\n<p data-start=\"904\" data-end=\"1098\">Die Erkenntnisse aus der fr\u00fchzeitigen Beteiligung wurden planungsrechtlich in der Entwurfsphase qualifiziert. Dabei fand eine enge Zusammenarbeit mit der Gr\u00fcnordnung und dem Artenschutz statt.<\/p>","protected":false},"excerpt":{"rendered":"<table width=\"656\">\n<tbody>\n<tr>\n<td width=\"212\"><strong>Category<\/strong><\/td>\n<\/tr>\n<tr>\n<td width=\"212\">Bauleitplanung, Artenschutz<\/td>\n<\/tr>\n<tr>\n<td width=\"212\"><strong>Auftraggeber<\/strong><\/td>\n<\/tr>\n<tr>\n<td width=\"212\">Stadtwerke Leipzig GmbH<\/td>\n<\/tr>\n<tr>\n<td width=\"212\"><strong>Auftragsvolumen<\/strong><\/td>\n<\/tr>\n<tr>\n<td width=\"212\">89.030,53 EUR<\/td>\n<\/tr>\n<tr>\n<td width=\"212\"><strong>Period<\/strong><\/td>\n<\/tr>\n<tr>\n<td width=\"212\">11\/2020 \u2013 12\/2022<\/td>\n<\/tr>\n<tr>\n<td width=\"212\"><strong>Leistungsumfang<\/strong><\/td>\n<\/tr>\n<tr>\n<td width=\"212\">Bebauungsplan LP 1 bis 3, Umweltbericht, Variantenuntersuchung, Artenschutzfachbeitrag, Gr\u00fcnordnungsplan<\/td>\n<\/tr>\n<\/tbody>\n<\/table>","protected":false},"featured_media":22374,"template":"","meta":{"_acf_changed":false},"product_brand":[],"product_cat":[39],"product_tag":[],"class_list":{"0":"post-22461","1":"product","2":"type-product","3":"status-publish","4":"has-post-thumbnail","6":"product_cat-natur-wasser","8":"first","9":"instock","10":"shipping-taxable","11":"product-type-simple"},"acf":[],"aioseo_notices":[],"_links":{"self":[{"href":"https:\/\/seecon.de\/en\/wp-json\/wp\/v2\/product\/22461","targetHints":{"allow":["GET"]}}],"collection":[{"href":"https:\/\/seecon.de\/en\/wp-json\/wp\/v2\/product"}],"about":[{"href":"https:\/\/seecon.de\/en\/wp-json\/wp\/v2\/types\/product"}],"wp:featuredmedia":[{"embeddable":true,"href":"https:\/\/seecon.de\/en\/wp-json\/wp\/v2\/media\/22374"}],"wp:attachment":[{"href":"https:\/\/seecon.de\/en\/wp-json\/wp\/v2\/media?parent=22461"}],"wp:term":[{"taxonomy":"product_brand","embeddable":true,"href":"https:\/\/seecon.de\/en\/wp-json\/wp\/v2\/product_brand?post=22461"},{"taxonomy":"product_cat","embeddable":true,"href":"https:\/\/seecon.de\/en\/wp-json\/wp\/v2\/product_cat?post=22461"},{"taxonomy":"product_tag","embeddable":true,"href":"https:\/\/seecon.de\/en\/wp-json\/wp\/v2\/product_tag?post=22461"}],"curies":[{"name":"wp","href":"https:\/\/api.w.org\/{rel}","templated":true}]}}