{"id":22462,"date":"2026-04-14T20:30:23","date_gmt":"2026-04-14T20:30:23","guid":{"rendered":"https:\/\/seecon.de\/?post_type=product&#038;p=22462"},"modified":"2026-04-15T04:10:46","modified_gmt":"2026-04-15T04:10:46","slug":"entwicklung-kunstlederfabrik-borsdorf-umweltleistungen","status":"publish","type":"product","link":"https:\/\/seecon.de\/en\/product\/entwicklung-kunstlederfabrik-borsdorf-umweltleistungen\/","title":{"rendered":"Entwicklung Kunstlederfabrik Borsdorf &#8211; Umweltleistungen"},"content":{"rendered":"<p data-start=\"136\" data-end=\"467\">Das Plangebiet des Bebauungsplanes befindet sich in der Gemeinde Borsdorf. Vom Umgriff betroffen ist das Gel\u00e4nde der ehemaligen \u201eZweenfurther Kunstleder- und Wachstuchfabrik Alexander Schuhmann\u201c (nachfolgend Kunstlederfabrik genannt) sowie angrenzende Gr\u00fcnfl\u00e4chen. Insgesamt weist der Geltungsbereich eine Fl\u00e4che von 11,6 ha auf.<\/p>\n<p data-start=\"469\" data-end=\"778\">Die mit der Beendigung der Fabrikation einhergehende zunehmende Ver\u00f6dung des inner\u00f6rtlichen Areals der ehemaligen Kunstlederfabrik hat die Entwicklung in eine Brache verursacht. Zur Unterbindung dieser fortschreitenden Entwicklung ist ein vordringlicher st\u00e4dtebaulicher Planungsbedarf f\u00fcr das Areal gegeben.<\/p>\n<p data-start=\"780\" data-end=\"1114\">Die naturschutzfachliche Planung umfasst die Erstellung eines Artenschutzfachbeitrages, eines Umweltberichts und eines Gr\u00fcnordnungsplans. Zur Bestandsermittlung wurden eine Biotop- und Baumkartierung sowie faunistische Kartierungen durchgef\u00fchrt und die Artengruppen Brutv\u00f6gel, Amphibien, Reptilien, Flederm\u00e4use und Libellen erfasst.<\/p>\n<p data-start=\"1116\" data-end=\"1376\">Die Realisierung des Vorhabens wird im Rahmen einer \u00f6kologischen Baubegleitung begleitet. Dabei wird sichergestellt, dass eine umweltvertr\u00e4gliche Umsetzung erfolgt und s\u00e4mtliche naturschutzrechtlichen Auflagen sowie festgelegten Ma\u00dfnahmen eingehalten werden.<\/p>\n<p data-start=\"1378\" data-end=\"1768\">Die \u00f6kologische Baubegleitung tr\u00e4gt dazu bei, einen st\u00f6rungsfreien und planm\u00e4\u00dfigen Bauablauf zu gew\u00e4hrleisten, sodass das Vorhaben ohne erhebliche Beeintr\u00e4chtigungen f\u00fcr Natur und Umwelt umgesetzt werden kann. Dies umfasst beispielhaft die Umsetzung und Kontrolle entsprechender Vermeidungs- und Schutzma\u00dfnahmen, etwa zum Geh\u00f6lzschutz, zum Schutz von Brutv\u00f6geln sowie zum Amphibienschutz.<\/p>","protected":false},"excerpt":{"rendered":"<table width=\"656\">\n<tbody>\n<tr>\n<td width=\"212\"><strong>Category<\/strong><\/td>\n<\/tr>\n<tr>\n<td width=\"212\">\u00d6kologische Baubegleitung, Umweltgutachten<\/td>\n<\/tr>\n<tr>\n<td width=\"212\"><strong>Auftraggeber<\/strong><\/td>\n<\/tr>\n<tr>\n<td width=\"212\">Kunstlederfabrik Borsdorf GmbH<br \/>Ansprechpartner: Herr Felsner<br \/>Telefon: +49 30 42010942<\/td>\n<\/tr>\n<tr>\n<td width=\"212\"><strong>Auftragsvolumen<\/strong><\/td>\n<\/tr>\n<tr>\n<td width=\"212\">125.000,00 EUR<\/td>\n<\/tr>\n<tr>\n<td width=\"212\"><strong>Period<\/strong><\/td>\n<\/tr>\n<tr>\n<td width=\"212\">2020 \u2013 laufendes Projekt<\/td>\n<\/tr>\n<tr>\n<td width=\"212\"><strong>Leistungsumfang<\/strong><\/td>\n<\/tr>\n<tr>\n<td width=\"212\">Biotop- und Geh\u00f6lzkartierung, Artenschutzfachbeitrag, Gr\u00fcnordnungsplan, Umweltbericht, Eingriffs-Ausgleich-Bilanzierung, Faunistische Kartierung, \u00f6kologische Baubegleitung<\/td>\n<\/tr>\n<\/tbody>\n<\/table>","protected":false},"featured_media":22375,"template":"","meta":{"_acf_changed":false},"product_brand":[],"product_cat":[39],"product_tag":[],"class_list":{"0":"post-22462","1":"product","2":"type-product","3":"status-publish","4":"has-post-thumbnail","6":"product_cat-natur-wasser","8":"first","9":"instock","10":"shipping-taxable","11":"product-type-simple"},"acf":[],"aioseo_notices":[],"_links":{"self":[{"href":"https:\/\/seecon.de\/en\/wp-json\/wp\/v2\/product\/22462","targetHints":{"allow":["GET"]}}],"collection":[{"href":"https:\/\/seecon.de\/en\/wp-json\/wp\/v2\/product"}],"about":[{"href":"https:\/\/seecon.de\/en\/wp-json\/wp\/v2\/types\/product"}],"wp:featuredmedia":[{"embeddable":true,"href":"https:\/\/seecon.de\/en\/wp-json\/wp\/v2\/media\/22375"}],"wp:attachment":[{"href":"https:\/\/seecon.de\/en\/wp-json\/wp\/v2\/media?parent=22462"}],"wp:term":[{"taxonomy":"product_brand","embeddable":true,"href":"https:\/\/seecon.de\/en\/wp-json\/wp\/v2\/product_brand?post=22462"},{"taxonomy":"product_cat","embeddable":true,"href":"https:\/\/seecon.de\/en\/wp-json\/wp\/v2\/product_cat?post=22462"},{"taxonomy":"product_tag","embeddable":true,"href":"https:\/\/seecon.de\/en\/wp-json\/wp\/v2\/product_tag?post=22462"}],"curies":[{"name":"wp","href":"https:\/\/api.w.org\/{rel}","templated":true}]}}