{"id":22463,"date":"2026-04-14T20:30:28","date_gmt":"2026-04-14T20:30:28","guid":{"rendered":"https:\/\/seecon.de\/?post_type=product&#038;p=22463"},"modified":"2026-04-15T04:08:12","modified_gmt":"2026-04-15T04:08:12","slug":"neubau-trinkwasserleitung-dn-355-bernsdorf-biehla","status":"publish","type":"product","link":"https:\/\/seecon.de\/en\/product\/neubau-trinkwasserleitung-dn-355-bernsdorf-biehla\/","title":{"rendered":"Neubau Trinkwasserleitung DN 355, Bernsdorf &#8211; Biehla"},"content":{"rendered":"<p data-start=\"119\" data-end=\"461\">Zwischen Bernsdorf und Biehla wird die Planung einer neuen Trinkwasserleitung umgesetzt. Im Rahmen der Ma\u00dfnahme ist die Realisierung eines rund 1,2 Kilometer langen Leitungsabschnitts in der Dimension DN 355 aus PE-HD in geschlossener Bauweise zwischen der S\u00fcdtrasse und der bestehenden Abzweigleitung im Industriepark Bernsdorf vorgesehen.<\/p>\n<p data-start=\"463\" data-end=\"743\">Erg\u00e4nzend erfolgt eine hydraulische Netzberechnung f\u00fcr den gesamten, etwa 8 Kilometer langen Abschnitt, um eine optimale Dimensionierung, die Sicherstellung der Versorgungsqualit\u00e4t im gesamten Netz sowie die Bereitstellung von L\u00f6schwasser \u00fcber das Leitungsnetz zu gew\u00e4hrleisten.<\/p>\n<p data-start=\"745\" data-end=\"989\">Die Leistungsphasen 1 bis 4 nach HOAI wurden bereits abgeschlossen, die Leistungsphasen 5 bis 9 sind beauftragt. Im Zuge der Planung wurde der zuk\u00fcnftige Bedarf ermittelt, insbesondere im Hinblick auf die Neuansiedlung von drei Gro\u00dfabnehmern.<\/p>\n<p data-start=\"991\" data-end=\"1191\">Dar\u00fcber hinaus wurden die hydraulische Netzberechnung f\u00fcr den gesamten Bauabschnitt Bernsdorf\u2013Biehla durchgef\u00fchrt, die Baugrunduntersuchung beauftragt und zus\u00e4tzliche Abstimmungstermine koordiniert.<\/p>\n<p data-start=\"1193\" data-end=\"1444\">Im Rahmen der \u00f6kologischen und rechtlichen Anforderungen erfolgen eine Biotopkartierung, die Vorpr\u00fcfung zur Umweltvertr\u00e4glichkeitspr\u00fcfung, die Erstellung des landschaftspflegerischen Begleitplans sowie die Ausarbeitung eines Artenschutzfachbeitrags.<\/p>\n<p data-start=\"1446\" data-end=\"1594\">Die Ma\u00dfnahme tr\u00e4gt wesentlich zur Sicherstellung einer zukunftsf\u00e4higen, leistungsf\u00e4higen und nachhaltigen Trinkwasserversorgung in der Region bei.<\/p>","protected":false},"excerpt":{"rendered":"<table width=\"656\">\n<tbody>\n<tr>\n<td width=\"212\"><strong>Category<\/strong><\/td>\n<\/tr>\n<tr>\n<td width=\"212\">Artenschutzrechtlicher Fachbeitrag, Hydrodynamische Berechnung, Trinkwasserleitung<\/td>\n<\/tr>\n<tr>\n<td width=\"212\"><strong>Auftraggeber<\/strong><\/td>\n<\/tr>\n<tr>\n<td width=\"212\">&#8211;<\/td>\n<\/tr>\n<tr>\n<td width=\"212\"><strong>Auftragsvolumen<\/strong><\/td>\n<\/tr>\n<tr>\n<td width=\"212\">EUR<\/td>\n<\/tr>\n<tr>\n<td width=\"212\"><strong>Period<\/strong><\/td>\n<\/tr>\n<tr>\n<td width=\"212\">01.08.2024 \u2013 31.07.2025<\/td>\n<\/tr>\n<tr>\n<td width=\"212\"><strong>Leistungsumfang<\/strong><\/td>\n<\/tr>\n<tr>\n<td width=\"212\">LP 1\u20139 HOAI<\/td>\n<\/tr>\n<\/tbody>\n<\/table>","protected":false},"featured_media":22406,"template":"","meta":{"_acf_changed":false},"product_brand":[],"product_cat":[39],"product_tag":[],"class_list":{"0":"post-22463","1":"product","2":"type-product","3":"status-publish","4":"has-post-thumbnail","6":"product_cat-natur-wasser","8":"first","9":"instock","10":"shipping-taxable","11":"product-type-simple"},"acf":[],"aioseo_notices":[],"_links":{"self":[{"href":"https:\/\/seecon.de\/en\/wp-json\/wp\/v2\/product\/22463","targetHints":{"allow":["GET"]}}],"collection":[{"href":"https:\/\/seecon.de\/en\/wp-json\/wp\/v2\/product"}],"about":[{"href":"https:\/\/seecon.de\/en\/wp-json\/wp\/v2\/types\/product"}],"wp:featuredmedia":[{"embeddable":true,"href":"https:\/\/seecon.de\/en\/wp-json\/wp\/v2\/media\/22406"}],"wp:attachment":[{"href":"https:\/\/seecon.de\/en\/wp-json\/wp\/v2\/media?parent=22463"}],"wp:term":[{"taxonomy":"product_brand","embeddable":true,"href":"https:\/\/seecon.de\/en\/wp-json\/wp\/v2\/product_brand?post=22463"},{"taxonomy":"product_cat","embeddable":true,"href":"https:\/\/seecon.de\/en\/wp-json\/wp\/v2\/product_cat?post=22463"},{"taxonomy":"product_tag","embeddable":true,"href":"https:\/\/seecon.de\/en\/wp-json\/wp\/v2\/product_tag?post=22463"}],"curies":[{"name":"wp","href":"https:\/\/api.w.org\/{rel}","templated":true}]}}