{"id":22464,"date":"2026-04-14T20:30:33","date_gmt":"2026-04-14T20:30:33","guid":{"rendered":"https:\/\/seecon.de\/?post_type=product&#038;p=22464"},"modified":"2026-04-15T04:04:46","modified_gmt":"2026-04-15T04:04:46","slug":"boldekow-umweltpruefung-umspannstation","status":"publish","type":"product","link":"https:\/\/seecon.de\/en\/product\/boldekow-umweltpruefung-umspannstation\/","title":{"rendered":"Boldekow Umweltpr\u00fcfung &#8211; Umspannstation"},"content":{"rendered":"<p data-start=\"119\" data-end=\"281\">Auf der Grundlage eines bestehenden Bebauungsplans plante der Vorhabentr\u00e4ger die Errichtung einer SPV-Anlage in der N\u00e4he von Boldekow in Mecklenburg-Vorpommern.<\/p>\n<p data-start=\"283\" data-end=\"619\">Um die SPV-Anlage an das Stromnetz anzuschlie\u00dfen, musste in der N\u00e4he des Standortes ein Umspannwerk errichtet werden. Der bevorzugte Standort f\u00fcr das Umspannwerk befand sich ca. 600 m s\u00fcdlich der SPV-Anlage. SPV-Anlage und Umspannwerk sollten durch ein Erdkabel verbunden werden. Ein bestehender Feldweg sollte daf\u00fcr ausgebaut werden.<\/p>\n<p data-start=\"621\" data-end=\"1020\">Das Erdkabel und die Trasse querten ein Wasserschutzgebiet sowie potentielle arch\u00e4ologische Fundstellen. Sowohl f\u00fcr den Bau der Umspannstation als auch f\u00fcr das Erdkabel mussten Genehmigungen eingeholt werden. Auf dieser Grundlage f\u00fchrte die seecon Ingenieure GmbH die erforderlichen Schritte im Rahmen des Genehmigungsverfahrens durch und bereitete die entsprechenden Unterlagen und Verfahren vor.<\/p>\n<p data-start=\"1022\" data-end=\"1203\">Aufgrund des Standortes wurden neben einem artenschutzrechtlichen Fachbeitrag und einem landschaftspflegerischen Begleitplan auch eine SPA-Vertr\u00e4glichkeitsvorpr\u00fcfung erforderlich.<\/p>","protected":false},"excerpt":{"rendered":"<table width=\"656\">\n<tbody>\n<tr>\n<td width=\"212\"><strong>Category<\/strong><\/td>\n<\/tr>\n<tr>\n<td width=\"212\">Artenschutzrechtlicher Fachbeitrag, Eingriffs- und Ausgleichsbilanz, Landschaftspflegerischer Begleitplan, Natura 2000 Vertr\u00e4glichkeitsvorpr\u00fcfung, Landschaftsbildanalyse<\/td>\n<\/tr>\n<tr>\n<td width=\"212\"><strong>Auftraggeber<\/strong><\/td>\n<\/tr>\n<tr>\n<td width=\"212\">vertraulich<\/td>\n<\/tr>\n<tr>\n<td width=\"212\"><strong>Period<\/strong><\/td>\n<\/tr>\n<tr>\n<td width=\"212\">2023<\/td>\n<\/tr>\n<tr>\n<td width=\"212\"><strong>Leistungsumfang<\/strong><\/td>\n<\/tr>\n<tr>\n<td width=\"212\">Naturschutzfachliche Leistungen<\/td>\n<\/tr>\n<\/tbody>\n<\/table>","protected":false},"featured_media":22373,"template":"","meta":{"_acf_changed":false},"product_brand":[],"product_cat":[39],"product_tag":[],"class_list":{"0":"post-22464","1":"product","2":"type-product","3":"status-publish","4":"has-post-thumbnail","6":"product_cat-natur-wasser","8":"first","9":"instock","10":"shipping-taxable","11":"product-type-simple"},"acf":[],"aioseo_notices":[],"_links":{"self":[{"href":"https:\/\/seecon.de\/en\/wp-json\/wp\/v2\/product\/22464","targetHints":{"allow":["GET"]}}],"collection":[{"href":"https:\/\/seecon.de\/en\/wp-json\/wp\/v2\/product"}],"about":[{"href":"https:\/\/seecon.de\/en\/wp-json\/wp\/v2\/types\/product"}],"wp:featuredmedia":[{"embeddable":true,"href":"https:\/\/seecon.de\/en\/wp-json\/wp\/v2\/media\/22373"}],"wp:attachment":[{"href":"https:\/\/seecon.de\/en\/wp-json\/wp\/v2\/media?parent=22464"}],"wp:term":[{"taxonomy":"product_brand","embeddable":true,"href":"https:\/\/seecon.de\/en\/wp-json\/wp\/v2\/product_brand?post=22464"},{"taxonomy":"product_cat","embeddable":true,"href":"https:\/\/seecon.de\/en\/wp-json\/wp\/v2\/product_cat?post=22464"},{"taxonomy":"product_tag","embeddable":true,"href":"https:\/\/seecon.de\/en\/wp-json\/wp\/v2\/product_tag?post=22464"}],"curies":[{"name":"wp","href":"https:\/\/api.w.org\/{rel}","templated":true}]}}