{"id":22465,"date":"2026-04-14T20:30:37","date_gmt":"2026-04-14T20:30:37","guid":{"rendered":"https:\/\/seecon.de\/?post_type=product&#038;p=22465"},"modified":"2026-04-15T04:15:54","modified_gmt":"2026-04-15T04:15:54","slug":"industrievorsorgegebiet-wiedemar-los-2-umweltplanung","status":"publish","type":"product","link":"https:\/\/seecon.de\/en\/product\/industrievorsorgegebiet-wiedemar-los-2-umweltplanung\/","title":{"rendered":"INDUSTRIEVORSORGEGEBIET WIEDEMAR \u2013 LOS 2 UMWELTPLANUNG"},"content":{"rendered":"<p data-start=\"136\" data-end=\"462\">Innerhalb des Freistaates Sachsen sind aktuell nur wenige Standorte mit sofort verf\u00fcgbaren Fl\u00e4chenpotenzialen von rd. 400 ha f\u00fcr Industrieansiedlungen vorhanden. Um m\u00f6glichst zeitnah auf die Anfragen von Investoren reagieren zu k\u00f6nnen, soll in der Region Leipzig ein weiterer Standort f\u00fcr Gro\u00dfansiedlungen entwickelt werden.<\/p>\n<p data-start=\"464\" data-end=\"679\">Westlich von Delitzsch in der Gemeinde Wiedemar wird daher vom Freistaat Sachsen die Ausweisung eines Industriegebiets mit einer Fl\u00e4che von rd. 485 ha f\u00fcr die Ansiedlung von ein bis zwei Gro\u00dfinvestoren angestrebt.<\/p>\n<p data-start=\"681\" data-end=\"1013\">Die seecon Ingenieure wurden im Rahmen der Umweltplanung mit folgenden Leistungen beauftragt: Gr\u00fcnordnungsplan, Umweltbericht, FFH-Vertr\u00e4glichkeitspr\u00fcfung, Artenschutzrechtlicher Fachbeitrag, Fachbeitrag Wasserrahmenrichtlinie, Baugrunduntersuchung, klima\u00f6kologisches Fachgutachten, Scoping sowie verfahrensbegleitende Leistungen.<\/p>\n<p data-start=\"1015\" data-end=\"1165\">Die Unterlagen wurden bis zur Satzungsfassung erarbeitet. Ein B\u00fcrgerentscheid in der Gemeinde Wiedemar entschied sich gegen einen Satzungsbeschluss.<\/p>","protected":false},"excerpt":{"rendered":"<table width=\"656\">\n<tbody>\n<tr>\n<td width=\"212\"><strong>Category<\/strong><\/td>\n<\/tr>\n<tr>\n<td width=\"212\">Artenschutzrechtliche Pr\u00fcfung, Bauleitplanung, Eingriffs- und Ausgleichsbilanz, Umweltgutachten, Umweltbericht, Gr\u00fcnordnungsplan<\/td>\n<\/tr>\n<tr>\n<td width=\"212\"><strong>Kunde<\/strong><\/td>\n<\/tr>\n<tr>\n<td width=\"212\">Gemeinde Wiedemar<br \/>\nAnsprechpartner: Frau Hinkefuss<br \/>\nTelefon: +49 34207 49391<\/td>\n<\/tr>\n<tr>\n<td width=\"212\"><strong>Period<\/strong><\/td>\n<\/tr>\n<tr>\n<td width=\"212\">2022 - 2024<\/td>\n<\/tr>\n<tr>\n<td width=\"212\"><strong>Performance components<\/strong><\/td>\n<\/tr>\n<tr>\n<td width=\"212\">environmental planning<\/td>\n<\/tr>\n<tr>\n<td width=\"212\"><strong>Honorar<\/strong><\/td>\n<\/tr>\n<tr>\n<td width=\"212\">443.350 EUR<\/td>\n<\/tr>\n<\/tbody>\n<\/table>","protected":false},"featured_media":22405,"template":"","meta":{"_acf_changed":false},"product_brand":[],"product_cat":[39],"product_tag":[],"class_list":{"0":"post-22465","1":"product","2":"type-product","3":"status-publish","4":"has-post-thumbnail","6":"product_cat-natur-wasser","8":"first","9":"instock","10":"shipping-taxable","11":"product-type-simple"},"acf":[],"aioseo_notices":[],"_links":{"self":[{"href":"https:\/\/seecon.de\/en\/wp-json\/wp\/v2\/product\/22465","targetHints":{"allow":["GET"]}}],"collection":[{"href":"https:\/\/seecon.de\/en\/wp-json\/wp\/v2\/product"}],"about":[{"href":"https:\/\/seecon.de\/en\/wp-json\/wp\/v2\/types\/product"}],"wp:featuredmedia":[{"embeddable":true,"href":"https:\/\/seecon.de\/en\/wp-json\/wp\/v2\/media\/22405"}],"wp:attachment":[{"href":"https:\/\/seecon.de\/en\/wp-json\/wp\/v2\/media?parent=22465"}],"wp:term":[{"taxonomy":"product_brand","embeddable":true,"href":"https:\/\/seecon.de\/en\/wp-json\/wp\/v2\/product_brand?post=22465"},{"taxonomy":"product_cat","embeddable":true,"href":"https:\/\/seecon.de\/en\/wp-json\/wp\/v2\/product_cat?post=22465"},{"taxonomy":"product_tag","embeddable":true,"href":"https:\/\/seecon.de\/en\/wp-json\/wp\/v2\/product_tag?post=22465"}],"curies":[{"name":"wp","href":"https:\/\/api.w.org\/{rel}","templated":true}]}}