{"id":22471,"date":"2026-04-15T04:16:21","date_gmt":"2026-04-15T04:16:21","guid":{"rendered":"https:\/\/seecon.de\/?post_type=product&#038;p=22471"},"modified":"2026-04-15T04:19:13","modified_gmt":"2026-04-15T04:19:13","slug":"b-plan-lkw-autohof-mit-lng-verfluessigungsanlage-in-borna-umweltleistungen","status":"publish","type":"product","link":"https:\/\/seecon.de\/en\/product\/b-plan-lkw-autohof-mit-lng-verfluessigungsanlage-in-borna-umweltleistungen\/","title":{"rendered":"B-Plan &#8222;LKW-Autohof mit LNG-Verfl\u00fcssigungsanlage&#8220; in Borna &#8211; Umweltleistungen"},"content":{"rendered":"<p data-start=\"119\" data-end=\"515\">Die Rolande Germany Infra GmbH beabsichtigt in der Stadt 04552 Borna, etwa 25 Kilometer s\u00fcdlich von Leipzig, ein Bauprojekt mit einer Tankstelle inkl. Servicebereich und Ladem\u00f6glichkeiten f\u00fcr PKWs und Elektrofahrzeuge sowie f\u00fcr LKWs mit LNG-, Diesel- und Wasserstoffantrieben, zwei Restaurants, einem Hotel, Stellpl\u00e4tzen f\u00fcr PKWs und LKWs sowie einer Verfl\u00fcssigungsanlage f\u00fcr LNG durchzuf\u00fchren.<\/p>\n<p data-start=\"517\" data-end=\"868\">Der Plananlass besteht darin, den vorhabenbezogenen Bebauungsplan \u201eLKW-Autohof mit LNG-Verfl\u00fcssigungsanlage\u201c f\u00fcr das Plangebiet mit einer Fl\u00e4che von etwa 6 Hektar aufzustellen und innerhalb des Geltungsbereiches ein sonstiges Sondergebiet mit der Zweckbestimmung Autohof auszuweisen sowie im Parallelverfahren den Teil-Fl\u00e4chennutzungsplan zu \u00e4ndern.<\/p>\n<p data-start=\"870\" data-end=\"1174\">Die seecon Ingenieure sind damit beauftragt, die vollst\u00e4ndige naturschutzfachliche Genehmigungsplanung f\u00fcr die Bauleitplanung zu erbringen. Dies beinhaltet neben Umweltbericht und Gr\u00fcnordnungsplanung auch die Durchf\u00fchrung der UVP-Vorpr\u00fcfung sowie die Erstellung des artenschutzrechtlichen Fachbeitrags.<\/p>","protected":false},"excerpt":{"rendered":"<table width=\"656\">\n<tbody>\n<tr>\n<td width=\"212\"><strong>Category<\/strong><\/td>\n<\/tr>\n<tr>\n<td width=\"212\">Umweltgutachten<\/td>\n<\/tr>\n<tr>\n<td width=\"212\"><strong>Auftraggeber<\/strong><\/td>\n<\/tr>\n<tr>\n<td width=\"212\">Rolande Germany Infra GmbH<\/td>\n<\/tr>\n<tr>\n<td width=\"212\"><strong>Auftragsvolumen<\/strong><\/td>\n<\/tr>\n<tr>\n<td width=\"212\">60.000,00 EUR<\/td>\n<\/tr>\n<tr>\n<td width=\"212\"><strong>Period<\/strong><\/td>\n<\/tr>\n<tr>\n<td width=\"212\">04.2025 \u2013 laufend<\/td>\n<\/tr>\n<tr>\n<td width=\"212\"><strong>Leistungsumfang<\/strong><\/td>\n<\/tr>\n<tr>\n<td width=\"212\">Umweltbericht, Gr\u00fcnordnungsplan, Artenschutzfachbeitrag, Scoping, UVP-Vorpr\u00fcfung, Waldumwandlungserkl\u00e4rung, Biotoptypenkartierung<\/td>\n<\/tr>\n<\/tbody>\n<\/table>","protected":false},"featured_media":22374,"template":"","meta":{"_acf_changed":false},"product_brand":[],"product_cat":[39],"product_tag":[],"class_list":{"0":"post-22471","1":"product","2":"type-product","3":"status-publish","4":"has-post-thumbnail","6":"product_cat-natur-wasser","8":"first","9":"instock","10":"shipping-taxable","11":"product-type-simple"},"acf":[],"aioseo_notices":[],"_links":{"self":[{"href":"https:\/\/seecon.de\/en\/wp-json\/wp\/v2\/product\/22471","targetHints":{"allow":["GET"]}}],"collection":[{"href":"https:\/\/seecon.de\/en\/wp-json\/wp\/v2\/product"}],"about":[{"href":"https:\/\/seecon.de\/en\/wp-json\/wp\/v2\/types\/product"}],"wp:featuredmedia":[{"embeddable":true,"href":"https:\/\/seecon.de\/en\/wp-json\/wp\/v2\/media\/22374"}],"wp:attachment":[{"href":"https:\/\/seecon.de\/en\/wp-json\/wp\/v2\/media?parent=22471"}],"wp:term":[{"taxonomy":"product_brand","embeddable":true,"href":"https:\/\/seecon.de\/en\/wp-json\/wp\/v2\/product_brand?post=22471"},{"taxonomy":"product_cat","embeddable":true,"href":"https:\/\/seecon.de\/en\/wp-json\/wp\/v2\/product_cat?post=22471"},{"taxonomy":"product_tag","embeddable":true,"href":"https:\/\/seecon.de\/en\/wp-json\/wp\/v2\/product_tag?post=22471"}],"curies":[{"name":"wp","href":"https:\/\/api.w.org\/{rel}","templated":true}]}}