{"id":22472,"date":"2026-04-15T04:16:22","date_gmt":"2026-04-15T04:16:22","guid":{"rendered":"https:\/\/seecon.de\/?post_type=product&#038;p=22472"},"modified":"2026-04-15T04:25:40","modified_gmt":"2026-04-15T04:25:40","slug":"parkstadt-doesen-leipzig-umweltgutachten-und-oekologische-baubegleitung","status":"publish","type":"product","link":"https:\/\/seecon.de\/en\/product\/parkstadt-doesen-leipzig-umweltgutachten-und-oekologische-baubegleitung\/","title":{"rendered":"Parkstadt D\u00f6sen Leipzig &#8211; Umweltgutachten und \u00f6kologische Baubegleitung"},"content":{"rendered":"<p data-start=\"136\" data-end=\"337\">Die ca. 14,6 ha gro\u00dfe historische Anlage \u201ePark-Krankenhaus Leipzig-D\u00f6sen\u201c war als hygienisches Pavillon-Ensemble ein viel verbreiteter Bautyp des ausgehenden 19. und des beginnenden 20. Jahrhunderts.<\/p>\n<p data-start=\"339\" data-end=\"576\">Im Zuge der Aufstellung des Bebauungsplans wurde der Fachbereich Natur mit der Erstellung des Gr\u00fcnordnungsplans, des Umweltberichts einschlie\u00dflich der Eingriffs-Ausgleichs-Bilanz sowie eines artenschutzrechtlichen Fachbeitrags betraut.<\/p>\n<p data-start=\"578\" data-end=\"820\">F\u00fcr die vorhandene Flora und Fauna wurden entsprechende Ma\u00dfnahmenkonzepte zur Vermeidung, Minderung und Kompensation von Eingriffen entwickelt. So wurde beispielsweise ein umfangreiches Nistkastenkonzept erarbeitet und vorgezogen umgesetzt.<\/p>\n<p data-start=\"822\" data-end=\"1089\">Dar\u00fcber hinaus wurde unter Beteiligung der \u00f6rtlichen Naturschutzverb\u00e4nde ein Biodiversit\u00e4tskonzept entwickelt, das eine Gestaltung der Freifl\u00e4chen f\u00fcr ausgew\u00e4hlte Schirmarten und Dachkonstruktionen f\u00fcr Flederm\u00e4use in Anlehnung an Animal-Aided-Design ber\u00fccksichtigt.<\/p>\n<p data-start=\"1091\" data-end=\"1302\">F\u00fcr einen Teilbereich des Geltungsbereiches erfolgte eine Umsiedlung von Zauneidechsen in eine neu entwickelte FCS-Fl\u00e4che. In diesem Zusammenhang wurde die artenschutzrechtliche Ausnahmegenehmigung erarbeitet.<\/p>\n<p data-start=\"1304\" data-end=\"1730\">Im Rahmen der \u00f6kologischen Baubegleitung erfolgt fortlaufend die Kontrolle zur Einhaltung der Vermeidungs-, Minderungs- und Ausgleichsma\u00dfnahmen durch die seecon Ingenieure. Die sukzessiv voranschreitende Sanierung der Bestandsgeb\u00e4ude wird durch regelm\u00e4\u00dfige Geb\u00e4udekontrollen begleitet. Hierzu werden vorab und begleitend Kontrollen auf das Vorkommen von Brutv\u00f6geln und Flederm\u00e4usen in den Geb\u00e4uden und Fassaden durchgef\u00fchrt.<\/p>","protected":false},"excerpt":{"rendered":"<table width=\"656\">\n<tbody>\n<tr>\n<td width=\"212\"><strong>Category<\/strong><\/td>\n<\/tr>\n<tr>\n<td width=\"212\">Umweltgutachten<\/td>\n<\/tr>\n<tr>\n<td width=\"212\"><strong>Auftraggeber<\/strong><\/td>\n<\/tr>\n<tr>\n<td width=\"212\">Instone Real Estate Development GmbH<br \/>\nHerr Heinig<br \/>\nchristopher.heinig@instone.de<br \/>\n+49 341 22226 43<\/td>\n<\/tr>\n<tr>\n<td width=\"212\"><strong>Auftragsvolumen<\/strong><\/td>\n<\/tr>\n<tr>\n<td width=\"212\">175.000,00 EUR<\/td>\n<\/tr>\n<tr>\n<td width=\"212\"><strong>Period<\/strong><\/td>\n<\/tr>\n<tr>\n<td width=\"212\">2018 \u2013 vsl. 2026<\/td>\n<\/tr>\n<tr>\n<td width=\"212\"><strong>Leistungsumfang<\/strong><\/td>\n<\/tr>\n<tr>\n<td width=\"212\">Gr\u00fcnordnungsplan LPh 1\u20134 (HZ II), Umweltbericht, Eingriffs-Ausgleichs-Bilanzierung, Artenschutzrechtlicher Fachbeitrag, Artenschutzrechtliche Ma\u00dfnahmen- und Ausgleichskonzepte, Ausnahmegenehmigung, Umsiedlung von Zauneidechsen, Artenvielfaltskonzept, \u00f6kologische Baubegleitung<\/td>\n<\/tr>\n<\/tbody>\n<\/table>","protected":false},"featured_media":22408,"template":"","meta":{"_acf_changed":false},"product_brand":[],"product_cat":[39],"product_tag":[],"class_list":{"0":"post-22472","1":"product","2":"type-product","3":"status-publish","4":"has-post-thumbnail","6":"product_cat-natur-wasser","8":"first","9":"instock","10":"shipping-taxable","11":"product-type-simple"},"acf":[],"aioseo_notices":[],"_links":{"self":[{"href":"https:\/\/seecon.de\/en\/wp-json\/wp\/v2\/product\/22472","targetHints":{"allow":["GET"]}}],"collection":[{"href":"https:\/\/seecon.de\/en\/wp-json\/wp\/v2\/product"}],"about":[{"href":"https:\/\/seecon.de\/en\/wp-json\/wp\/v2\/types\/product"}],"wp:featuredmedia":[{"embeddable":true,"href":"https:\/\/seecon.de\/en\/wp-json\/wp\/v2\/media\/22408"}],"wp:attachment":[{"href":"https:\/\/seecon.de\/en\/wp-json\/wp\/v2\/media?parent=22472"}],"wp:term":[{"taxonomy":"product_brand","embeddable":true,"href":"https:\/\/seecon.de\/en\/wp-json\/wp\/v2\/product_brand?post=22472"},{"taxonomy":"product_cat","embeddable":true,"href":"https:\/\/seecon.de\/en\/wp-json\/wp\/v2\/product_cat?post=22472"},{"taxonomy":"product_tag","embeddable":true,"href":"https:\/\/seecon.de\/en\/wp-json\/wp\/v2\/product_tag?post=22472"}],"curies":[{"name":"wp","href":"https:\/\/api.w.org\/{rel}","templated":true}]}}