{"id":22475,"date":"2026-04-15T04:16:31","date_gmt":"2026-04-15T04:16:31","guid":{"rendered":"https:\/\/seecon.de\/?post_type=product&#038;p=22475"},"modified":"2026-04-15T21:17:21","modified_gmt":"2026-04-15T21:17:21","slug":"siel-muehlgraben-ostrau-deich-goebitz-nb-siel-muehlgraben-ostrau-deich-goebitz","status":"publish","type":"product","link":"https:\/\/seecon.de\/en\/product\/siel-muehlgraben-ostrau-deich-goebitz-nb-siel-muehlgraben-ostrau-deich-goebitz\/","title":{"rendered":"Siel M\u00fchlgraben Ostrau Deich G\u00f6bitz \u2013 NB Siel M\u00fchlgraben Ostrau, Deich G\u00f6bitz"},"content":{"rendered":"<p data-start=\"128\" data-end=\"457\">Im Zuge des Junihochwassers 2013 wurden am Deich G\u00f6bitz Auftriebserscheinungen am landseitigen sowie am wasserseitigen Deichfu\u00df beobachtet. Um die Gebiete vor \u00dcberflutung wirkungsvoll und nachhaltig zu sch\u00fctzen, wurde eine Instandsetzung bzw. ein Neubau der Hochwasserschutzanlage sowie die Schlie\u00dfung der Deichl\u00fccke notwendig.<\/p>\n<p data-start=\"459\" data-end=\"734\">W\u00e4hrend der Bauma\u00dfnahme wurde durch die \u00f6kologische Baubewachung die Kontrolle der Vorgaben aus den artenschutzrechtlichen Vermeidungsma\u00dfnahmen durchgef\u00fchrt und Abstimmungen mit dem AG bzw. der bauausf\u00fchrenden Firma zur Vorgehensweise bei der Ma\u00dfnahmenumsetzung \u00fcbernommen.<\/p>\n<p data-start=\"736\" data-end=\"987\">Dar\u00fcber hinaus wurden die vertr\u00e4glichsten Zuwegungen zur Baustelle definiert, zus\u00e4tzlich notwendige Ma\u00dfnahmen koordiniert sowie die Einhaltung der Planvorgaben kontrolliert. Der Artenschutz wurde dokumentiert und Abstimmungen mit der UNB \u00fcbernommen.<\/p>\n<p data-start=\"989\" data-end=\"1140\" data-is-last-node=\"\" data-is-only-node=\"\">Es wurde ebenfalls die vorgezogene F\u00e4llung begleitet sowie H\u00f6hlenb\u00e4ume auf Nutzungsspuren und die Anwesenheit von Flederm\u00e4usen und V\u00f6geln kontrolliert.<\/p>","protected":false},"excerpt":{"rendered":"<table width=\"656\">\n<tbody>\n<tr>\n<td width=\"212\"><strong>Category<\/strong><\/td>\n<\/tr>\n<tr>\n<td width=\"212\">Environmental construction supervision<\/td>\n<\/tr>\n<tr>\n<td width=\"212\"><strong>Auftraggeber<\/strong><\/td>\n<\/tr>\n<tr>\n<td width=\"212\">Landesbetrieb f\u00fcr Hochwasserschutz und Wasserwirtschaft Sachsen-Anhalt<br \/>\nAnsprechpartner: Thomas Keller<br \/>\nTel.: 0345 5484-40<br \/>\nMail: thomas-keller@lhw.mlu.sachsen-anhalt.de<\/td>\n<\/tr>\n<tr>\n<td width=\"212\"><strong>Auftragsvolumen<\/strong><\/td>\n<\/tr>\n<tr>\n<td width=\"212\">22.876,13 \u20ac<\/td>\n<\/tr>\n<tr>\n<td width=\"212\"><strong>Period<\/strong><\/td>\n<\/tr>\n<tr>\n<td width=\"212\">03.2022 \u2013 03.2025<\/td>\n<\/tr>\n<tr>\n<td width=\"212\"><strong>Leistungsumfang<\/strong><\/td>\n<\/tr>\n<tr>\n<td width=\"212\">Environmental construction supervision<\/td>\n<\/tr>\n<\/tbody>\n<\/table>","protected":false},"featured_media":22367,"template":"","meta":{"_acf_changed":false},"product_brand":[],"product_cat":[39],"product_tag":[],"class_list":{"0":"post-22475","1":"product","2":"type-product","3":"status-publish","4":"has-post-thumbnail","6":"product_cat-natur-wasser","8":"first","9":"instock","10":"shipping-taxable","11":"product-type-simple"},"acf":[],"aioseo_notices":[],"_links":{"self":[{"href":"https:\/\/seecon.de\/en\/wp-json\/wp\/v2\/product\/22475","targetHints":{"allow":["GET"]}}],"collection":[{"href":"https:\/\/seecon.de\/en\/wp-json\/wp\/v2\/product"}],"about":[{"href":"https:\/\/seecon.de\/en\/wp-json\/wp\/v2\/types\/product"}],"wp:featuredmedia":[{"embeddable":true,"href":"https:\/\/seecon.de\/en\/wp-json\/wp\/v2\/media\/22367"}],"wp:attachment":[{"href":"https:\/\/seecon.de\/en\/wp-json\/wp\/v2\/media?parent=22475"}],"wp:term":[{"taxonomy":"product_brand","embeddable":true,"href":"https:\/\/seecon.de\/en\/wp-json\/wp\/v2\/product_brand?post=22475"},{"taxonomy":"product_cat","embeddable":true,"href":"https:\/\/seecon.de\/en\/wp-json\/wp\/v2\/product_cat?post=22475"},{"taxonomy":"product_tag","embeddable":true,"href":"https:\/\/seecon.de\/en\/wp-json\/wp\/v2\/product_tag?post=22475"}],"curies":[{"name":"wp","href":"https:\/\/api.w.org\/{rel}","templated":true}]}}