{"id":22476,"date":"2026-04-15T04:16:34","date_gmt":"2026-04-15T04:16:34","guid":{"rendered":"https:\/\/seecon.de\/?post_type=product&#038;p=22476"},"modified":"2026-04-15T21:19:51","modified_gmt":"2026-04-15T21:19:51","slug":"umweltbaubegleitung-augsburg-gersthofen-umschlagterminal","status":"publish","type":"product","link":"https:\/\/seecon.de\/en\/product\/umweltbaubegleitung-augsburg-gersthofen-umschlagterminal\/","title":{"rendered":"Umweltbaubegleitung \u2013 Augsburg-Gersthofen Umschlagterminal"},"content":{"rendered":"<p data-start=\"140\" data-end=\"226\">Das bestehende Gleis zum Unterwerk Augsburg wird teilweise \u00fcbernommen und ausgebaut.<\/p>\n<p data-start=\"228\" data-end=\"363\">Die seecon Ingenieure sind damit beauftragt, das Vorhaben bis zum Bauende im Rahmen der umweltfachlichen Bau\u00fcberwachung zu begleiten.<\/p>\n<p data-start=\"365\" data-end=\"711\" data-is-last-node=\"\" data-is-only-node=\"\">Hauptbestandteile der umweltfachlichen Bau\u00fcberwachung sind die fortlaufende Kontrolle der Umsetzung und Einhaltung von artenschutzrechtlichen Vermeidungsma\u00dfnahmen (u. a. Erhalt von Habitatb\u00e4umen, die Umsiedlung von Eidechsen sowie die Stellung von Reptilienschutzz\u00e4unen) sowie die fachliche Beratung bei Themen rund um den Arten- und Naturschutz.<\/p>","protected":false},"excerpt":{"rendered":"<table width=\"656\">\n<tbody>\n<tr>\n<td width=\"212\"><strong>Category<\/strong><\/td>\n<\/tr>\n<tr>\n<td width=\"212\">Environmental construction supervision<\/td>\n<\/tr>\n<tr>\n<td width=\"212\"><strong>Auftraggeber<\/strong><\/td>\n<\/tr>\n<tr>\n<td width=\"212\">MuP Environmental Technology GmbH<\/td>\n<\/tr>\n<tr>\n<td width=\"212\"><strong>Auftragsvolumen<\/strong><\/td>\n<\/tr>\n<tr>\n<td width=\"212\">71.000,00 EUR<\/td>\n<\/tr>\n<tr>\n<td width=\"212\"><strong>Period<\/strong><\/td>\n<\/tr>\n<tr>\n<td width=\"212\">05.2024 \u2013 12.2027<\/td>\n<\/tr>\n<tr>\n<td width=\"212\"><strong>Leistungsumfang<\/strong><\/td>\n<\/tr>\n<tr>\n<td width=\"212\">Umweltfachliche Bau\u00fcberwachung, Einhaltung von Baufeldgrenzen zum Schutz von gesetzlich gesch\u00fctzten Biotopen und Lebensraumst\u00e4tten, Erhalt und Kontrolle von Habitatb\u00e4umen, Abfang und Umsiedlung von Eidechsen, Reptilienschutzzaun, Vergr\u00e4mung von Bodenbr\u00fctern, Kontrolle und Verschluss von Fledermausquartieren in Geh\u00f6lzen, CEF-Ma\u00dfnahmen, Ersatzlebensr\u00e4ume f\u00fcr Reptilien<\/td>\n<\/tr>\n<\/tbody>\n<\/table>","protected":false},"featured_media":22367,"template":"","meta":{"_acf_changed":false},"product_brand":[],"product_cat":[39],"product_tag":[],"class_list":{"0":"post-22476","1":"product","2":"type-product","3":"status-publish","4":"has-post-thumbnail","6":"product_cat-natur-wasser","8":"first","9":"instock","10":"shipping-taxable","11":"product-type-simple"},"acf":[],"aioseo_notices":[],"_links":{"self":[{"href":"https:\/\/seecon.de\/en\/wp-json\/wp\/v2\/product\/22476","targetHints":{"allow":["GET"]}}],"collection":[{"href":"https:\/\/seecon.de\/en\/wp-json\/wp\/v2\/product"}],"about":[{"href":"https:\/\/seecon.de\/en\/wp-json\/wp\/v2\/types\/product"}],"wp:featuredmedia":[{"embeddable":true,"href":"https:\/\/seecon.de\/en\/wp-json\/wp\/v2\/media\/22367"}],"wp:attachment":[{"href":"https:\/\/seecon.de\/en\/wp-json\/wp\/v2\/media?parent=22476"}],"wp:term":[{"taxonomy":"product_brand","embeddable":true,"href":"https:\/\/seecon.de\/en\/wp-json\/wp\/v2\/product_brand?post=22476"},{"taxonomy":"product_cat","embeddable":true,"href":"https:\/\/seecon.de\/en\/wp-json\/wp\/v2\/product_cat?post=22476"},{"taxonomy":"product_tag","embeddable":true,"href":"https:\/\/seecon.de\/en\/wp-json\/wp\/v2\/product_tag?post=22476"}],"curies":[{"name":"wp","href":"https:\/\/api.w.org\/{rel}","templated":true}]}}