{"id":22477,"date":"2026-04-15T04:16:37","date_gmt":"2026-04-15T04:16:37","guid":{"rendered":"https:\/\/seecon.de\/?post_type=product&#038;p=22477"},"modified":"2026-04-15T21:30:44","modified_gmt":"2026-04-15T21:30:44","slug":"fk1-freiberger-mulde-hws-doebeln-bauueberwachung-u-oebb-grossbaumverpflanzung-wappen","status":"publish","type":"product","link":"https:\/\/seecon.de\/en\/product\/fk1-freiberger-mulde-hws-doebeln-bauueberwachung-u-oebb-grossbaumverpflanzung-wappen\/","title":{"rendered":"FK1 &#8211; Freiberger Mulde, HWS D\u00f6beln \u2013 Bau\u00fcberwachung u. \u00f6BB Gro\u00dfbaumverpflanzung Wappen"},"content":{"rendered":"<p data-start=\"128\" data-end=\"339\">Landschaftspflegerische Ausf\u00fchrungsplanung, Bau\u00fcberwachung sowie Begleitung der Fertigstellungs- und Entwicklungspflege der Gro\u00dfbaumverpflanzungen in D\u00f6beln im Zuge der Umsetzung von Hochwasserschutzma\u00dfnahmen.<\/p>\n<p data-start=\"341\" data-end=\"596\">Es erfolgten Gro\u00dfbaumverpflanzungen an zwei Standorten in D\u00f6beln (Wappenhenschanlage, Klosterg\u00e4rten) in den Jahren 2021 und 2022, die seecon \u00fcber die landschaftspflegerische Ausf\u00fchrungsplanung geplant und begleitet hat, mit anschlie\u00dfender Baubegleitung.<\/p>\n<p data-start=\"598\" data-end=\"838\">Des Weiteren erfolgte die Begleitung der Fertigstellungspflege bis 2023. Anschlie\u00dfend wurden die abschlie\u00dfenden Kontrollen zur Entwicklungspflege bis Ende 2024 an der Wappenhenschanlage durchgef\u00fchrt und bis Ende 2025 an den Klosterg\u00e4rten.<\/p>\n<p data-start=\"840\" data-end=\"1041\" data-is-last-node=\"\" data-is-only-node=\"\">Die Begleitung des Vergabeverfahrens sowie die Pr\u00fcfung von Abrechnungen, W\u00e4sserungsanzeigen und Pflegeanzeigen des AN wurden im Rahmen der \u00f6kologischen Baubegleitung ebenfalls gepr\u00fcft und dokumentiert.<\/p>","protected":false},"excerpt":{"rendered":"<table width=\"656\">\n<tbody>\n<tr>\n<td width=\"212\"><strong>Category<\/strong><\/td>\n<\/tr>\n<tr>\n<td width=\"212\">Bau\u00fcberwachung und \u00d6kologische Baubegleitung, Landschaftspflegerische Ausf\u00fchrungsplanung<\/td>\n<\/tr>\n<tr>\n<td width=\"212\"><strong>Auftraggeber<\/strong><\/td>\n<\/tr>\n<tr>\n<td width=\"212\">vertraulich<\/td>\n<\/tr>\n<tr>\n<td width=\"212\"><strong>Auftragsvolumen<\/strong><\/td>\n<\/tr>\n<tr>\n<td width=\"212\">11.009,25 EUR<\/td>\n<\/tr>\n<tr>\n<td width=\"212\"><strong>Period<\/strong><\/td>\n<\/tr>\n<tr>\n<td width=\"212\">09.2021 \u2013 10.2025<\/td>\n<\/tr>\n<tr>\n<td width=\"212\"><strong>Leistungsumfang<\/strong><\/td>\n<\/tr>\n<tr>\n<td width=\"212\">Bau\u00fcberwachung und \u00f6kologische Baubegleitung, Landschaftspflegerische Ausf\u00fchrungsplanung<\/td>\n<\/tr>\n<\/tbody>\n<\/table>","protected":false},"featured_media":22367,"template":"","meta":{"_acf_changed":false},"product_brand":[],"product_cat":[39],"product_tag":[],"class_list":{"0":"post-22477","1":"product","2":"type-product","3":"status-publish","4":"has-post-thumbnail","6":"product_cat-natur-wasser","8":"first","9":"instock","10":"shipping-taxable","11":"product-type-simple"},"acf":[],"aioseo_notices":[],"_links":{"self":[{"href":"https:\/\/seecon.de\/en\/wp-json\/wp\/v2\/product\/22477","targetHints":{"allow":["GET"]}}],"collection":[{"href":"https:\/\/seecon.de\/en\/wp-json\/wp\/v2\/product"}],"about":[{"href":"https:\/\/seecon.de\/en\/wp-json\/wp\/v2\/types\/product"}],"wp:featuredmedia":[{"embeddable":true,"href":"https:\/\/seecon.de\/en\/wp-json\/wp\/v2\/media\/22367"}],"wp:attachment":[{"href":"https:\/\/seecon.de\/en\/wp-json\/wp\/v2\/media?parent=22477"}],"wp:term":[{"taxonomy":"product_brand","embeddable":true,"href":"https:\/\/seecon.de\/en\/wp-json\/wp\/v2\/product_brand?post=22477"},{"taxonomy":"product_cat","embeddable":true,"href":"https:\/\/seecon.de\/en\/wp-json\/wp\/v2\/product_cat?post=22477"},{"taxonomy":"product_tag","embeddable":true,"href":"https:\/\/seecon.de\/en\/wp-json\/wp\/v2\/product_tag?post=22477"}],"curies":[{"name":"wp","href":"https:\/\/api.w.org\/{rel}","templated":true}]}}