{"id":22478,"date":"2026-04-15T04:16:39","date_gmt":"2026-04-15T04:16:39","guid":{"rendered":"https:\/\/seecon.de\/?post_type=product&#038;p=22478"},"modified":"2026-04-15T21:26:51","modified_gmt":"2026-04-15T21:26:51","slug":"umweltbaubegleitung-ulm-dornstadt-erweiterung-umschlaganlage","status":"publish","type":"product","link":"https:\/\/seecon.de\/en\/product\/umweltbaubegleitung-ulm-dornstadt-erweiterung-umschlaganlage\/","title":{"rendered":"Umweltbaubegleitung &#8211; Ulm-Dornstadt Erweiterung Umschlaganlage"},"content":{"rendered":"<p data-start=\"140\" data-end=\"354\">Der bestehende Umschlagbahnhof Ulm-Dornstadt soll aufgrund der zu erwartenden Mengensteigerungen im G\u00fcterverkehr sowie der Vergr\u00f6\u00dferung des G\u00fcterverkehrszentrums Ulm um ein zweites Umschlagmodul erweitert werden.<\/p>\n<p data-start=\"356\" data-end=\"732\">F\u00fcr die geplante Erweiterung der Umschlaganlage soll auf vormals landwirtschaftlich genutzten Fl\u00e4chen das neue Umschlagmodul errichtet werden und die stra\u00dfenseitige Anbindung des Umschlagbahnhofs den verkehrlichen Anforderungen angepasst werden. Weiterhin wird eine neue Gleisanbindung des neuen Moduls von Beimerstetten aus mit zwei zus\u00e4tzlichen Vorstellgleisen geschaffen.<\/p>\n<p data-start=\"734\" data-end=\"869\">Die seecon Ingenieure sind damit beauftragt, das Vorhaben bis zum Bauende im Rahmen der umweltfachlichen Bau\u00fcberwachung zu begleiten.<\/p>\n<p data-start=\"871\" data-end=\"1240\" data-is-last-node=\"\" data-is-only-node=\"\">Hauptbestandteile der umweltfachlichen Bau\u00fcberwachung sind die fortlaufende Kontrolle der Umsetzung und Einhaltung von artenschutzrechtlichen Vermeidungsma\u00dfnahmen (u. a. Erhalt von Habitatb\u00e4umen, die Umsiedlung von Eidechsen sowie die Stellung von Reptilienschutzz\u00e4unen), Biotopschutzma\u00dfnahmen sowie die fachliche Beratung bei Themen rund um den Arten- und Naturschutz.<\/p>","protected":false},"excerpt":{"rendered":"<table width=\"656\">\n<tbody>\n<tr>\n<td width=\"212\"><strong>Category<\/strong><\/td>\n<\/tr>\n<tr>\n<td width=\"212\">Environmental construction supervision<\/td>\n<\/tr>\n<tr>\n<td width=\"212\"><strong>Auftraggeber<\/strong><\/td>\n<\/tr>\n<tr>\n<td width=\"212\">MuP Environmental Technology GmbH<\/td>\n<\/tr>\n<tr>\n<td width=\"212\"><strong>Auftragsvolumen<\/strong><\/td>\n<\/tr>\n<tr>\n<td width=\"212\">150.000,00 EUR<\/td>\n<\/tr>\n<tr>\n<td width=\"212\"><strong>Period<\/strong><\/td>\n<\/tr>\n<tr>\n<td width=\"212\">03.2025 \u2013 12.2027<\/td>\n<\/tr>\n<tr>\n<td width=\"212\"><strong>Leistungsumfang<\/strong><\/td>\n<\/tr>\n<tr>\n<td width=\"212\">Umweltfachliche Bau\u00fcberwachung, Einhaltung von Baufeldgrenzen zum Schutz von gesetzlich gesch\u00fctzten Biotopen und Lebensraumst\u00e4tten, Erhalt und Kontrolle von Habitatb\u00e4umen, Abfang und Umsiedlung von Eidechsen, Reptilienschutzzaun, Vergr\u00e4mung von Bodenbr\u00fctern, Verschluss von Fledermausquartieren in Durchl\u00e4ssen, Kontrolle von Wurzelst\u00f6cken auf Vorkommen von Haselmausnestern, CEF-Ma\u00dfnahmen, Leitstruktur f\u00fcr Flederm\u00e4use, Hirschk\u00e4fermeiler, Ersatzlebensr\u00e4ume f\u00fcr Reptilien, Feldlerchenfenster, Nistk\u00e4sten, Bau\u00fcberwachung Landschaftsbau, Kontrolle von Geh\u00f6lzpflanzungen<\/td>\n<\/tr>\n<\/tbody>\n<\/table>","protected":false},"featured_media":22367,"template":"","meta":{"_acf_changed":false},"product_brand":[],"product_cat":[39],"product_tag":[],"class_list":{"0":"post-22478","1":"product","2":"type-product","3":"status-publish","4":"has-post-thumbnail","6":"product_cat-natur-wasser","8":"first","9":"instock","10":"shipping-taxable","11":"product-type-simple"},"acf":[],"aioseo_notices":[],"_links":{"self":[{"href":"https:\/\/seecon.de\/en\/wp-json\/wp\/v2\/product\/22478","targetHints":{"allow":["GET"]}}],"collection":[{"href":"https:\/\/seecon.de\/en\/wp-json\/wp\/v2\/product"}],"about":[{"href":"https:\/\/seecon.de\/en\/wp-json\/wp\/v2\/types\/product"}],"wp:featuredmedia":[{"embeddable":true,"href":"https:\/\/seecon.de\/en\/wp-json\/wp\/v2\/media\/22367"}],"wp:attachment":[{"href":"https:\/\/seecon.de\/en\/wp-json\/wp\/v2\/media?parent=22478"}],"wp:term":[{"taxonomy":"product_brand","embeddable":true,"href":"https:\/\/seecon.de\/en\/wp-json\/wp\/v2\/product_brand?post=22478"},{"taxonomy":"product_cat","embeddable":true,"href":"https:\/\/seecon.de\/en\/wp-json\/wp\/v2\/product_cat?post=22478"},{"taxonomy":"product_tag","embeddable":true,"href":"https:\/\/seecon.de\/en\/wp-json\/wp\/v2\/product_tag?post=22478"}],"curies":[{"name":"wp","href":"https:\/\/api.w.org\/{rel}","templated":true}]}}