{"id":22479,"date":"2026-04-15T04:16:40","date_gmt":"2026-04-15T04:16:40","guid":{"rendered":"https:\/\/seecon.de\/?post_type=product&#038;p=22479"},"modified":"2026-04-16T17:52:07","modified_gmt":"2026-04-16T17:52:07","slug":"ufergehoelzpflanzungen-kleinpoesna","status":"publish","type":"product","link":"https:\/\/seecon.de\/en\/product\/ufergehoelzpflanzungen-kleinpoesna\/","title":{"rendered":"Ufergeh\u00f6lzpflanzungen Kleinp\u00f6sna"},"content":{"rendered":"<p data-start=\"128\" data-end=\"439\">Der Kleinp\u00f6snaer Umflutgraben soll vor dem Hintergrund bestehender Restriktionen durch die einseitige Pflanzung von standortgerechten Ufergeh\u00f6lzen \u00f6kologisch aufgewertet werden. Die Ma\u00dfnahme dient der Umsetzung der EG-Wasserrahmenrichtlinie und soll als Kompensationsma\u00dfnahme zugeordnet und finanziert werden.<\/p>\n<p data-start=\"441\" data-end=\"638\">Die Geh\u00f6lzpflanzungen sollen einseitig, vorwiegend im oberen B\u00f6schungsdrittel bzw. auf der B\u00f6schungskante, erfolgen, um die hydraulische Leistungsf\u00e4higkeit des Gew\u00e4ssers nicht zu beeintr\u00e4chtigen.<\/p>\n<p data-start=\"640\" data-end=\"836\">Seecon Ingenieure \u00fcbernahm im Rahmen dieses Projektes die LP 3\u20139 HOAI. Als besondere Leistungen wurde die naturschutzrechtliche Eingriffsregelung nach dem Leipziger Bewertungsmodell vorgenommen.<\/p>\n<p data-start=\"838\" data-end=\"1169\">Zudem erfolgte die \u00dcberwachung der Entwicklungs- und der Unterhaltungspflege \u00fcber einen Gesamtzeitraum von 4 Jahren. Im Rahmen der Begehungen wurden die gepflanzten Geh\u00f6lze auf ihre Vitalit\u00e4t sowie auf bestehende M\u00e4ngel untersucht. Die n\u00f6tigen Pflege- und W\u00e4sserungsg\u00e4nge wurden freigegeben und die Rechnungspr\u00fcfung durchgef\u00fchrt.<\/p>","protected":false},"excerpt":{"rendered":"<table width=\"656\">\n<tbody>\n<tr>\n<td width=\"212\"><strong>Category<\/strong><\/td>\n<\/tr>\n<tr>\n<td width=\"212\">Objektplanung, \u00dcberwachung Entwicklungspflege<\/td>\n<\/tr>\n<tr>\n<td width=\"212\"><strong>Auftraggeber<\/strong><\/td>\n<\/tr>\n<tr>\n<td width=\"212\">Stadt Leipzig, Amt f\u00fcr Stadtgr\u00fcn und Gew\u00e4sser<\/td>\n<\/tr>\n<tr>\n<td width=\"212\"><strong>Auftragsvolumen<\/strong><\/td>\n<\/tr>\n<tr>\n<td width=\"212\">10.191,62 EUR<\/td>\n<\/tr>\n<tr>\n<td width=\"212\"><strong>Period<\/strong><\/td>\n<\/tr>\n<tr>\n<td width=\"212\">2021 &#8211; 2026<\/td>\n<\/tr>\n<tr>\n<td width=\"212\"><strong>Leistungsumfang<\/strong><\/td>\n<\/tr>\n<tr>\n<td width=\"212\">1 Jahr Fertigstellungspflege; 2 Jahre \u00dcberwachung Entwicklungspflege; 2 Jahre \u00dcberwachung Unterhaltungspflege<\/td>\n<\/tr>\n<\/tbody>\n<\/table>","protected":false},"featured_media":22405,"template":"","meta":{"_acf_changed":false},"product_brand":[],"product_cat":[39],"product_tag":[],"class_list":{"0":"post-22479","1":"product","2":"type-product","3":"status-publish","4":"has-post-thumbnail","6":"product_cat-natur-wasser","8":"first","9":"instock","10":"shipping-taxable","11":"product-type-simple"},"acf":[],"aioseo_notices":[],"_links":{"self":[{"href":"https:\/\/seecon.de\/en\/wp-json\/wp\/v2\/product\/22479","targetHints":{"allow":["GET"]}}],"collection":[{"href":"https:\/\/seecon.de\/en\/wp-json\/wp\/v2\/product"}],"about":[{"href":"https:\/\/seecon.de\/en\/wp-json\/wp\/v2\/types\/product"}],"wp:featuredmedia":[{"embeddable":true,"href":"https:\/\/seecon.de\/en\/wp-json\/wp\/v2\/media\/22405"}],"wp:attachment":[{"href":"https:\/\/seecon.de\/en\/wp-json\/wp\/v2\/media?parent=22479"}],"wp:term":[{"taxonomy":"product_brand","embeddable":true,"href":"https:\/\/seecon.de\/en\/wp-json\/wp\/v2\/product_brand?post=22479"},{"taxonomy":"product_cat","embeddable":true,"href":"https:\/\/seecon.de\/en\/wp-json\/wp\/v2\/product_cat?post=22479"},{"taxonomy":"product_tag","embeddable":true,"href":"https:\/\/seecon.de\/en\/wp-json\/wp\/v2\/product_tag?post=22479"}],"curies":[{"name":"wp","href":"https:\/\/api.w.org\/{rel}","templated":true}]}}