{"id":22480,"date":"2026-04-15T04:16:43","date_gmt":"2026-04-15T04:16:43","guid":{"rendered":"https:\/\/seecon.de\/?post_type=product&#038;p=22480"},"modified":"2026-04-16T19:32:00","modified_gmt":"2026-04-16T19:32:00","slug":"solarpark-belgern-sued-spa-vertraeglichkeitspruefung-fuer-das-spa-gebiet-dahlener-heide","status":"publish","type":"product","link":"https:\/\/seecon.de\/en\/product\/solarpark-belgern-sued-spa-vertraeglichkeitspruefung-fuer-das-spa-gebiet-dahlener-heide\/","title":{"rendered":"Solarpark Belgern S\u00fcd \u2013 SPA-Vertr\u00e4glichkeitspr\u00fcfung f\u00fcr das SPA-Gebiet \u201cDahlener Heide\u201d"},"content":{"rendered":"<div class=\"flex flex-col text-sm\">\n<section class=\"text-token-text-primary w-full focus:outline-none [--shadow-height:45px] has-data-writing-block:pointer-events-none has-data-writing-block:-mt-(--shadow-height) has-data-writing-block:pt-(--shadow-height) [&amp;:has([data-writing-block])&gt;*]:pointer-events-auto scroll-mt-[calc(var(--header-height)+min(200px,max(70px,20svh)))]\" dir=\"auto\" data-turn-id=\"request-69dea466-7e34-8332-b70a-1b3b30e87165-0\" data-testid=\"conversation-turn-38\" data-scroll-anchor=\"true\" data-turn=\"assistant\">\n<div class=\"text-base my-auto mx-auto pb-10 [--thread-content-margin:var(--thread-content-margin-xs,calc(var(--spacing)*4))] @w-sm\/main:[--thread-content-margin:var(--thread-content-margin-sm,calc(var(--spacing)*6))] @w-lg\/main:[--thread-content-margin:var(--thread-content-margin-lg,calc(var(--spacing)*16))] px-(--thread-content-margin)\">\n<div class=\"[--thread-content-max-width:40rem] @w-lg\/main:[--thread-content-max-width:48rem] mx-auto max-w-(--thread-content-max-width) flex-1 group\/turn-messages focus-visible:outline-hidden relative flex w-full min-w-0 flex-col agent-turn\">\n<div class=\"flex max-w-full flex-col gap-4 grow\">\n<div class=\"min-h-8 text-message relative flex w-full flex-col items-end gap-2 text-start break-words whitespace-normal outline-none keyboard-focused:focus-ring [.text-message+&amp;]:mt-1\" dir=\"auto\" tabindex=\"0\" data-message-author-role=\"assistant\" data-message-id=\"7086349c-9926-4fd9-8f67-404c2acd05b5\" data-message-model-slug=\"gpt-5-3-mini\" data-turn-start-message=\"true\">\n<div class=\"flex w-full flex-col gap-1 empty:hidden\">\n<div class=\"markdown prose dark:prose-invert w-full wrap-break-word dark markdown-new-styling\">\n<p data-start=\"128\" data-end=\"332\">In der Gemeinde Belgern-Schildau wird im Rahmen eines Bebauungsplanverfahrens \u201eSolarpark Belgern S\u00fcd\u201c die Errichtung einer Photovoltaik-Freifl\u00e4chenanlage (PV-FFA) auf einer Fl\u00e4che von ca. 34 ha geplant.<\/p>\n<p data-start=\"334\" data-end=\"481\">Das geplante Vorhabengebiet grenzt an das europ\u00e4ische Vogelschutzgebiet (Special Protected Areas \u2013 SPA) \u201eDahlener Heide\u201c (EU-Meldenr.: 4543-451).<\/p>\n<p data-start=\"483\" data-end=\"715\">Die Planung und Errichtung von PV-FFA innerhalb von Natura 2000-Gebieten bzw. die Einwirkung auf Natura 2000-Gebiete ist nur dann zul\u00e4ssig, wenn dies mit den Schutz- und Erhaltungszielen des jeweiligen Schutzgebietes konform geht.<\/p>\n<p data-start=\"717\" data-end=\"932\" data-is-last-node=\"\" data-is-only-node=\"\">Um auszuschlie\u00dfen, dass sich Arten- bzw. Habitatschutz und Klimaschutz in diesem Vorhaben entgegenstehen, wird eine Natura 2000-Vertr\u00e4glichkeitspr\u00fcfung als Entscheidungsgrundlage f\u00fcr die zust\u00e4ndige Beh\u00f6rde erstellt.<\/p>\n<\/div>\n<\/div>\n<\/div>\n<\/div>\n<\/div>\n<\/div>\n<\/section>\n<\/div>","protected":false},"excerpt":{"rendered":"<table width=\"656\">\n<tbody>\n<tr>\n<td width=\"212\"><strong>Category<\/strong><\/td>\n<\/tr>\n<tr>\n<td width=\"212\">Natura 2000 impact assessment<\/td>\n<\/tr>\n<tr>\n<td width=\"212\"><strong>Auftraggeber<\/strong><\/td>\n<\/tr>\n<tr>\n<td width=\"212\">Energiepark Belgern S\u00fcd UG<\/td>\n<\/tr>\n<tr>\n<td width=\"212\"><strong>Auftragsvolumen<\/strong><\/td>\n<\/tr>\n<tr>\n<td width=\"212\">8.100 EUR<\/td>\n<\/tr>\n<tr>\n<td width=\"212\"><strong>Period<\/strong><\/td>\n<\/tr>\n<tr>\n<td width=\"212\">11.2024 \u2013 03.2025<\/td>\n<\/tr>\n<tr>\n<td width=\"212\"><strong>Leistungsumfang<\/strong><\/td>\n<\/tr>\n<tr>\n<td width=\"212\">SPA-Vertr\u00e4glichkeitspr\u00fcfung<\/td>\n<\/tr>\n<\/tbody>\n<\/table>","protected":false},"featured_media":22405,"template":"","meta":{"_acf_changed":false},"product_brand":[],"product_cat":[39],"product_tag":[],"class_list":{"0":"post-22480","1":"product","2":"type-product","3":"status-publish","4":"has-post-thumbnail","6":"product_cat-natur-wasser","8":"first","9":"instock","10":"shipping-taxable","11":"product-type-simple"},"acf":[],"aioseo_notices":[],"_links":{"self":[{"href":"https:\/\/seecon.de\/en\/wp-json\/wp\/v2\/product\/22480","targetHints":{"allow":["GET"]}}],"collection":[{"href":"https:\/\/seecon.de\/en\/wp-json\/wp\/v2\/product"}],"about":[{"href":"https:\/\/seecon.de\/en\/wp-json\/wp\/v2\/types\/product"}],"wp:featuredmedia":[{"embeddable":true,"href":"https:\/\/seecon.de\/en\/wp-json\/wp\/v2\/media\/22405"}],"wp:attachment":[{"href":"https:\/\/seecon.de\/en\/wp-json\/wp\/v2\/media?parent=22480"}],"wp:term":[{"taxonomy":"product_brand","embeddable":true,"href":"https:\/\/seecon.de\/en\/wp-json\/wp\/v2\/product_brand?post=22480"},{"taxonomy":"product_cat","embeddable":true,"href":"https:\/\/seecon.de\/en\/wp-json\/wp\/v2\/product_cat?post=22480"},{"taxonomy":"product_tag","embeddable":true,"href":"https:\/\/seecon.de\/en\/wp-json\/wp\/v2\/product_tag?post=22480"}],"curies":[{"name":"wp","href":"https:\/\/api.w.org\/{rel}","templated":true}]}}