{"id":22510,"date":"2026-04-16T19:37:13","date_gmt":"2026-04-16T19:37:13","guid":{"rendered":"https:\/\/seecon.de\/?post_type=product&#038;p=22510"},"modified":"2026-04-16T19:47:54","modified_gmt":"2026-04-16T19:47:54","slug":"entwicklung-alter-preussischer-freiladebahnhof-bebauungsplan-nr-416-freiladebahnhof-eu-tritzscher-strasse-delitzscher-strasse-leipzig-2","status":"publish","type":"product","link":"https:\/\/seecon.de\/en\/product\/entwicklung-alter-preussischer-freiladebahnhof-bebauungsplan-nr-416-freiladebahnhof-eu-tritzscher-strasse-delitzscher-strasse-leipzig-2\/","title":{"rendered":"Entwicklung Alter Preu\u00dfischer Freiladebahnhof (Bebauungsplan Nr. 416 Freiladebahnhof Eu tritzscher Stra\u00dfe\/Delitzscher Stra\u00dfe), Leipzig"},"content":{"rendered":"<p data-start=\"144\" data-end=\"426\">With a size of approx. 35 ha and its central location in the heart of Leipzig, the site of the former Prussian Freiladebahnhof on Delitzscher Stra\u00dfe is highly relevant in terms of urban development policy and at the same time the largest inner-city construction project of its kind in Germany.<\/p>\n<p data-start=\"428\" data-end=\"684\">The area is currently predominantly commercial; the inner part lies largely fallow. The aim of the revitalisation is to create a forward-looking, lively and urban-mixed city quarter with an independent urban identity.<\/p>\n<p data-start=\"686\" data-end=\"846\">Im Rahmen der st\u00e4dtebaulichen Entwicklung des Bebauungsplans wurde der artenschutzrechtliche Fachbeitrag sowie eine Eingriffs-Ausgleichsbilanzierung erstellt.<\/p>\n<p data-start=\"848\" data-end=\"1092\">Die Herausforderungen aus artenschutzrechtlicher Sicht bestehen insbesondere im Umgang mit einer Vielzahl geb\u00e4ude- und geh\u00f6lzbewohnender Arten (Brutv\u00f6gel und Flederm\u00e4use) sowie mit offenen Brachfl\u00e4chen besiedelnden Arten wie der Zauneidechse.<\/p>\n<p data-start=\"1094\" data-end=\"1334\">Im Rahmen der \u00f6kologischen Baubegleitung wurden \u00fcber einen Zeitraum von 6 Jahren vollst\u00e4ndige Fl\u00e4chenber\u00e4umungen begleitet. Diese umfasste den Abriss der Bestandsgeb\u00e4ude, Geh\u00f6lzentfernungen sowie die Altlasten- und Kampfmittelbeseitigung.<\/p>\n<p data-start=\"1336\" data-end=\"1589\" data-is-last-node=\"\" data-is-only-node=\"\">Weitere Leistungen der \u00f6kologischen Baubegleitung waren die Koordination der Zauneidechsenumsiedlung auf dem gesamten Areal sowie die Entwicklung von Kompensationskonzepten wie bspw. einer 2 ha gro\u00dfen Kompensationsfl\u00e4che f\u00fcr Neunt\u00f6ter und Zauneidechsen.<\/p>","protected":false},"excerpt":{"rendered":"<table width=\"656\">\n<tbody>\n<tr>\n<td width=\"212\"><strong>Category<\/strong><\/td>\n<\/tr>\n<tr>\n<td width=\"212\">Umweltgutachten &amp; Umweltbaubegleitung<\/td>\n<\/tr>\n<tr>\n<td width=\"212\"><strong>Auftraggeber<\/strong><\/td>\n<\/tr>\n<tr>\n<td width=\"212\">Leipzig 416 GmbH<br \/>\nAnsprechpartner: Herr W\u00e4lken<br \/>\nTelefon: +49 341 24744 140<\/td>\n<\/tr>\n<tr>\n<td width=\"212\"><strong>Auftragsvolumen<\/strong><\/td>\n<\/tr>\n<tr>\n<td width=\"212\">Gesamtumfang der Umweltleistungen: 1,18 Mio. EUR<br \/>\nAnteil \u00f6kologische Baubegleitung: ca. 600.000 EUR<\/td>\n<\/tr>\n<tr>\n<td width=\"212\"><strong>Period<\/strong><\/td>\n<\/tr>\n<tr>\n<td width=\"212\">2016 - 2022<\/td>\n<\/tr>\n<tr>\n<td width=\"212\"><strong>Leistungsumfang<\/strong><\/td>\n<\/tr>\n<tr>\n<td width=\"212\">Umweltbaubegleitung, Umsiedlung von Zauneidechsen, Artenschutzrechtlicher Fachbeitrag, Eingriffs-Ausgleichs-Bilanzierung<\/td>\n<\/tr>\n<\/tbody>\n<\/table>","protected":false},"featured_media":22405,"template":"","meta":{"_acf_changed":false},"product_brand":[],"product_cat":[39],"product_tag":[],"class_list":{"0":"post-22510","1":"product","2":"type-product","3":"status-publish","4":"has-post-thumbnail","6":"product_cat-natur-wasser","8":"first","9":"instock","10":"shipping-taxable","11":"product-type-simple"},"acf":[],"aioseo_notices":[],"_links":{"self":[{"href":"https:\/\/seecon.de\/en\/wp-json\/wp\/v2\/product\/22510","targetHints":{"allow":["GET"]}}],"collection":[{"href":"https:\/\/seecon.de\/en\/wp-json\/wp\/v2\/product"}],"about":[{"href":"https:\/\/seecon.de\/en\/wp-json\/wp\/v2\/types\/product"}],"wp:featuredmedia":[{"embeddable":true,"href":"https:\/\/seecon.de\/en\/wp-json\/wp\/v2\/media\/22405"}],"wp:attachment":[{"href":"https:\/\/seecon.de\/en\/wp-json\/wp\/v2\/media?parent=22510"}],"wp:term":[{"taxonomy":"product_brand","embeddable":true,"href":"https:\/\/seecon.de\/en\/wp-json\/wp\/v2\/product_brand?post=22510"},{"taxonomy":"product_cat","embeddable":true,"href":"https:\/\/seecon.de\/en\/wp-json\/wp\/v2\/product_cat?post=22510"},{"taxonomy":"product_tag","embeddable":true,"href":"https:\/\/seecon.de\/en\/wp-json\/wp\/v2\/product_tag?post=22510"}],"curies":[{"name":"wp","href":"https:\/\/api.w.org\/{rel}","templated":true}]}}