{"id":22512,"date":"2026-04-16T19:37:17","date_gmt":"2026-04-16T19:37:17","guid":{"rendered":"https:\/\/seecon.de\/?post_type=product&#038;p=22512"},"modified":"2026-04-27T13:54:41","modified_gmt":"2026-04-27T13:54:41","slug":"pflege-entwicklungs-und-informationsplan-fuer-das-nationale-naturmonument-gruenes-band-sach-sen-anhalt-vom-todesstreifen-zur-lebenslinie-teilleistung-naturschutzfachliche-planung-sowie","status":"publish","type":"product","link":"https:\/\/seecon.de\/en\/product\/pflege-entwicklungs-und-informationsplan-fuer-das-nationale-naturmonument-gruenes-band-sach-sen-anhalt-vom-todesstreifen-zur-lebenslinie-teilleistung-naturschutzfachliche-planung-sowie\/","title":{"rendered":"Pflege-, Entwicklungs- und Informationsplan f\u00fcr das Nationale Naturmonument &#8222;Gr\u00fcnes Band Sach sen-Anhalt &#8211; vom Todesstreifen zur Lebenslinie&#8220;; Teilleistung naturschutzfachliche Planung sowie"},"content":{"rendered":"<p>Das\u00a0<strong>\u201eGr\u00fcne Band Sachsen-Anhalt\u201c<\/strong>\u00a0wurde als\u00a0<strong>Nationales Naturmonument<\/strong>\u00a0ausgewiesen. Damit wurden sowohl naturschutzfachlich schutzw\u00fcrdige Biotope als auch kulturhistorisch bedeutsame Objekte in ihrem Schutzzweck vereint.<\/p>\n<p>Das ca.\u00a0<strong>50 bis 200 Meter<\/strong>\u00a0breite Gr\u00fcne Band verl\u00e4uft entlang der Landesgrenze zwischen\u00a0<strong>Sachsen-Anhalt und Niedersachsen<\/strong>\u00a0auf einer Gesamtl\u00e4nge von ca.\u00a0<strong>1.379 Kilometern<\/strong>, von denen\u00a0<strong>343 Kilometer<\/strong>\u00a0Bestandteil der Planung sind.<\/p>\n<p>Zur Erhaltung und Entwicklung dieses Schutzgebietes wurde von der\u00a0<strong>seecon engineers GmbH<\/strong>\u00a0ein\u00a0<strong>Pflege-, Entwicklungs- und Informationsplan (PEIP)<\/strong>\u00a0erstellt, der sowohl die\u00a0<strong>Flora und Fauna<\/strong>\u00a0als auch die vorhandenen\u00a0<strong>baulichen Grenzrelikte<\/strong>\u00a0ber\u00fccksichtigt.<\/p>\n<p>Teil der Planung war eine umfassende\u00a0<strong>Bestandskartierung<\/strong>\u00a0the\u00a0<strong>Wald- und Offenlandbiotope<\/strong>\u00a0(einschlie\u00dflich der\u00a0<strong>FFH-Lebensraumtypen<\/strong>), die Erfassung verschiedener Tierartengruppen (<strong>Amphibien, Reptilien, Flederm\u00e4use, S\u00e4ugetiere, Fische, Wirbellose und V\u00f6gel<\/strong>) sowie eine Bestandsaufnahme der baulichen Relikte der ehemaligen Grenzanlagen der DDR.<\/p>\n<p>Auf der Grundlage der Ergebnisse wurden\u00a0<strong>Leitbilder<\/strong>\u00a0and\u00a0<strong>Entwicklungsziele<\/strong>\u00a0f\u00fcr die Schutzg\u00fcter unter besonderer Ber\u00fccksichtigung des l\u00e4nder\u00fcbergreifenden Biotopverbundes erarbeitet.<\/p>\n<p>Daraus wurden\u00a0<strong>Erhaltungs- und Entwicklungsma\u00dfnahmen<\/strong>\u00a0f\u00fcr das Nationale Naturmonument abgeleitet und in einem\u00a0<strong>Umsetzungs- und Finanzierungsplan<\/strong>\u00a0zusammengefasst.<\/p>","protected":false},"excerpt":{"rendered":"<table width=\"656\">\n<tbody>\n<tr>\n<td width=\"212\"><strong>Category<\/strong><\/td>\n<\/tr>\n<tr>\n<td width=\"212\">Mapping service\/ inventory, measures for species protection and biotope development, nature&amp;landscape<\/td>\n<\/tr>\n<tr>\n<td width=\"212\"><strong>Auftraggeber<\/strong><\/td>\n<\/tr>\n<tr>\n<td width=\"212\">Landesamt f\u00fcr Umweltschutz Sachsen Anhalt<\/td>\n<\/tr>\n<tr>\n<td width=\"212\"><strong>Projektpartner<\/strong><\/td>\n<\/tr>\n<tr>\n<td width=\"212\">\u00d6KOTOP<\/td>\n<\/tr>\n<tr>\n<td width=\"212\"><strong>Period<\/strong><\/td>\n<\/tr>\n<tr>\n<td width=\"212\">01.01.2021 \u2013 31.03.2024<\/td>\n<\/tr>\n<tr>\n<td width=\"212\"><strong>Leistungsumfang<\/strong><\/td>\n<\/tr>\n<tr>\n<td width=\"212\">Extensive mapping services, mapping of biotopes and FFH habitat types, faunistic mapping, preparation of maintenance, development and information plan (PEIP)<\/td>\n<\/tr>\n<\/tbody>\n<\/table>","protected":false},"featured_media":22485,"template":"","meta":{"_acf_changed":false},"product_brand":[],"product_cat":[39],"product_tag":[],"class_list":{"0":"post-22512","1":"product","2":"type-product","3":"status-publish","4":"has-post-thumbnail","6":"product_cat-natur-wasser","8":"first","9":"instock","10":"shipping-taxable","11":"product-type-simple"},"acf":[],"aioseo_notices":[],"_links":{"self":[{"href":"https:\/\/seecon.de\/en\/wp-json\/wp\/v2\/product\/22512","targetHints":{"allow":["GET"]}}],"collection":[{"href":"https:\/\/seecon.de\/en\/wp-json\/wp\/v2\/product"}],"about":[{"href":"https:\/\/seecon.de\/en\/wp-json\/wp\/v2\/types\/product"}],"wp:featuredmedia":[{"embeddable":true,"href":"https:\/\/seecon.de\/en\/wp-json\/wp\/v2\/media\/22485"}],"wp:attachment":[{"href":"https:\/\/seecon.de\/en\/wp-json\/wp\/v2\/media?parent=22512"}],"wp:term":[{"taxonomy":"product_brand","embeddable":true,"href":"https:\/\/seecon.de\/en\/wp-json\/wp\/v2\/product_brand?post=22512"},{"taxonomy":"product_cat","embeddable":true,"href":"https:\/\/seecon.de\/en\/wp-json\/wp\/v2\/product_cat?post=22512"},{"taxonomy":"product_tag","embeddable":true,"href":"https:\/\/seecon.de\/en\/wp-json\/wp\/v2\/product_tag?post=22512"}],"curies":[{"name":"wp","href":"https:\/\/api.w.org\/{rel}","templated":true}]}}