{"id":22513,"date":"2026-04-16T19:37:18","date_gmt":"2026-04-16T19:37:18","guid":{"rendered":"https:\/\/seecon.de\/?post_type=product&#038;p=22513"},"modified":"2026-04-27T14:11:45","modified_gmt":"2026-04-27T14:11:45","slug":"konzept-zur-verbesserung-der-biodiversitaet","status":"publish","type":"product","link":"https:\/\/seecon.de\/en\/product\/konzept-zur-verbesserung-der-biodiversitaet\/","title":{"rendered":"Konzept zur Verbesserung der Biodiversit\u00e4t"},"content":{"rendered":"<p>Im Zusammenhang mit der Immobilienentwicklung sind sowohl die biologische Vielfalt als auch die \u00d6kosystemleistungen von gro\u00dfer Relevanz, da Entwicklungsma\u00dfnahmen erhebliche Auswirkungen auf nat\u00fcrliche Lebensr\u00e4ume und die von ihnen erbrachten Leistungen haben k\u00f6nnen. Der Verlust oder die Verschlechterung der biologischen Vielfalt kann die Widerstandsf\u00e4higkeit des \u00d6kosystems und die Verf\u00fcgbarkeit wesentlicher Leistungen beeintr\u00e4chtigen, was zu h\u00f6heren Kosten f\u00fcr die Wasserwirtschaft und den Hochwasserschutz sowie zu einer verminderten Lebensqualit\u00e4t f\u00fcr die Bewohner f\u00fchrt. Die Einbeziehung von \u00dcberlegungen zur Biodiversit\u00e4t und zu \u00d6kosystemleistungen in die Immobilienplanung kann dazu beitragen, Risiken zu mindern, den Immobilienwert zu steigern und die langfristige Nachhaltigkeit zu gew\u00e4hrleisten. Angesichts der Komplexit\u00e4t der Biodiversit\u00e4t ist es unerl\u00e4sslich, einen umfassenden Ansatz zu verfolgen, wenn man versucht, die vollst\u00e4ndigen Auswirkungen von Entwicklungsprojekten abzusch\u00e4tzen. Ein facettenreiches Konzept erfordert die Ber\u00fccksichtigung mehrerer Indikatoren, um die potenziellen Auswirkungen von Immobilienaktivit\u00e4ten auf die Biodiversit\u00e4t zu bewerten.<\/p>\n<p>Ziel des Projekts ist es, einen Nettozuwachs an Biodiversit\u00e4t zu erreichen, d. h. den \u00f6kologischen Wert des Standorts nach Abschluss der Bauarbeiten zu steigern.<\/p>\n<p>Die seecon Ingenieure GmbH wurde beauftragt eine \u00f6kologische Wertesch\u00e4tzung durchzuf\u00fchren und einen Plan zur Verbesserung der Biodiversit\u00e4t f\u00fcr das Gel\u00e4nde zu entwerfen, um die Erhaltung oder Verbesserung der Biodiversit\u00e4t im Laufe des Entwicklungsprozesses sicherzustellen.<\/p>\n<p>Die Einsch\u00e4tzung und Bewertung erfolgte unter Anwendung der Bewertungssysteme f\u00fcr nachhaltige Geb\u00e4ude nach\u00a0<strong>LEED BD+C (Building Design and Construction)<\/strong>\u00a0and\u00a0<strong>BREEAM (Building Research Establishment Environmental Assessment Method)<\/strong>.<\/p>","protected":false},"excerpt":{"rendered":"<table width=\"656\">\n<tbody>\n<tr>\n<td width=\"212\"><strong>Category<\/strong><\/td>\n<\/tr>\n<tr>\n<td width=\"212\">Konzeption, Ma\u00dfnahmen zum Artenschutz und zur Biotopentwicklung<\/td>\n<\/tr>\n<tr>\n<td width=\"212\"><strong>Auftraggeber<\/strong><\/td>\n<\/tr>\n<tr>\n<td width=\"212\">Goodman Alana Logistics (Lux) S.\u00e0.r.l.<\/td>\n<\/tr>\n<tr>\n<td width=\"212\"><strong>Auftragsvolumen<\/strong><\/td>\n<\/tr>\n<tr>\n<td width=\"212\">10.000 EUR<\/td>\n<\/tr>\n<tr>\n<td width=\"212\"><strong>Period<\/strong><\/td>\n<\/tr>\n<tr>\n<td width=\"212\">04.2025 \u2013 05.2025<\/td>\n<\/tr>\n<tr>\n<td width=\"212\"><strong>Leistungsumfang<\/strong><\/td>\n<\/tr>\n<tr>\n<td width=\"212\">Biodiversit\u00e4tskonzept<\/td>\n<\/tr>\n<\/tbody>\n<\/table>","protected":false},"featured_media":22485,"template":"","meta":{"_acf_changed":false},"product_brand":[],"product_cat":[39],"product_tag":[],"class_list":{"0":"post-22513","1":"product","2":"type-product","3":"status-publish","4":"has-post-thumbnail","6":"product_cat-natur-wasser","8":"first","9":"instock","10":"shipping-taxable","11":"product-type-simple"},"acf":[],"aioseo_notices":[],"_links":{"self":[{"href":"https:\/\/seecon.de\/en\/wp-json\/wp\/v2\/product\/22513","targetHints":{"allow":["GET"]}}],"collection":[{"href":"https:\/\/seecon.de\/en\/wp-json\/wp\/v2\/product"}],"about":[{"href":"https:\/\/seecon.de\/en\/wp-json\/wp\/v2\/types\/product"}],"wp:featuredmedia":[{"embeddable":true,"href":"https:\/\/seecon.de\/en\/wp-json\/wp\/v2\/media\/22485"}],"wp:attachment":[{"href":"https:\/\/seecon.de\/en\/wp-json\/wp\/v2\/media?parent=22513"}],"wp:term":[{"taxonomy":"product_brand","embeddable":true,"href":"https:\/\/seecon.de\/en\/wp-json\/wp\/v2\/product_brand?post=22513"},{"taxonomy":"product_cat","embeddable":true,"href":"https:\/\/seecon.de\/en\/wp-json\/wp\/v2\/product_cat?post=22513"},{"taxonomy":"product_tag","embeddable":true,"href":"https:\/\/seecon.de\/en\/wp-json\/wp\/v2\/product_tag?post=22513"}],"curies":[{"name":"wp","href":"https:\/\/api.w.org\/{rel}","templated":true}]}}