{"id":22516,"date":"2026-04-16T19:37:23","date_gmt":"2026-04-16T19:37:23","guid":{"rendered":"https:\/\/seecon.de\/?post_type=product&#038;p=22516"},"modified":"2026-04-27T13:30:55","modified_gmt":"2026-04-27T13:30:55","slug":"msh-5-biotop-und-ffh-lrt-kartierung-im-lk-mansfeld-suedharz","status":"publish","type":"product","link":"https:\/\/seecon.de\/en\/product\/msh-5-biotop-und-ffh-lrt-kartierung-im-lk-mansfeld-suedharz\/","title":{"rendered":"MSH 5: Biotop- und  FFH-LRT-Kartierung im LK Mansfeld-S\u00fcdharz"},"content":{"rendered":"<p data-start=\"122\" data-end=\"328\">Die aktuellen Vorkommen aller Lebensraumtypen (LRT) gem\u00e4\u00df Anhang I der FFH Richtlinie sowie gesetzlich gesch\u00fctzter Biotope (GGB) im Nordostteil des Landkreises Mansfeld-S\u00fcdharz wurden auf einer Fl\u00e4che von \u00fcber 5.000 Hektar durch Gel\u00e4ndebegehungen erfasst.<\/p>\n<p data-start=\"122\" data-end=\"328\">Die Kartierungen fanden au\u00dferhalb der Natura 2000-Gebietskulisse statt. Ziel war die Bereitstellung valider Datengrundlagen f\u00fcr die Aktualisierung des landesweiten Biotopkatasters.<\/p>\n<p data-start=\"122\" data-end=\"328\">Die Daten wurden anschlie\u00dfend im GIS digitalisiert und alle wertgebenden Merkmale in eine Datenbank eingetragen.<\/p>","protected":false},"excerpt":{"rendered":"<table width=\"656\">\n<tbody>\n<tr>\n<td width=\"212\"><strong>Category<\/strong><\/td>\n<\/tr>\n<tr>\n<td width=\"212\">Kartierungsleistung\/Bestandserfassung<\/td>\n<\/tr>\n<tr>\n<td width=\"212\"><strong>Auftraggeber<\/strong><\/td>\n<\/tr>\n<tr>\n<td width=\"212\">Landesamt f\u00fcr Umweltschutz Sachsen Anhalt<\/td>\n<\/tr>\n<tr>\n<td width=\"212\"><strong>Auftragsvolumen<\/strong><\/td>\n<\/tr>\n<tr>\n<td width=\"212\">ca. 60.000 EUR<\/td>\n<\/tr>\n<tr>\n<td width=\"212\"><strong>Period<\/strong><\/td>\n<\/tr>\n<tr>\n<td width=\"212\">02.2025 \u2013 12.2025<\/td>\n<\/tr>\n<tr>\n<td width=\"212\"><strong>Leistungsumfang<\/strong><\/td>\n<\/tr>\n<tr>\n<td width=\"212\">Erfassung gesetzlich gesch\u00fctzter Biotope und FFH-Lebensraumtypen in Sachsen Anhalt.<\/td>\n<\/tr>\n<\/tbody>\n<\/table>","protected":false},"featured_media":22485,"template":"","meta":{"_acf_changed":false},"product_brand":[],"product_cat":[39],"product_tag":[],"class_list":{"0":"post-22516","1":"product","2":"type-product","3":"status-publish","4":"has-post-thumbnail","6":"product_cat-natur-wasser","8":"first","9":"instock","10":"shipping-taxable","11":"product-type-simple"},"acf":[],"aioseo_notices":[],"_links":{"self":[{"href":"https:\/\/seecon.de\/en\/wp-json\/wp\/v2\/product\/22516","targetHints":{"allow":["GET"]}}],"collection":[{"href":"https:\/\/seecon.de\/en\/wp-json\/wp\/v2\/product"}],"about":[{"href":"https:\/\/seecon.de\/en\/wp-json\/wp\/v2\/types\/product"}],"wp:featuredmedia":[{"embeddable":true,"href":"https:\/\/seecon.de\/en\/wp-json\/wp\/v2\/media\/22485"}],"wp:attachment":[{"href":"https:\/\/seecon.de\/en\/wp-json\/wp\/v2\/media?parent=22516"}],"wp:term":[{"taxonomy":"product_brand","embeddable":true,"href":"https:\/\/seecon.de\/en\/wp-json\/wp\/v2\/product_brand?post=22516"},{"taxonomy":"product_cat","embeddable":true,"href":"https:\/\/seecon.de\/en\/wp-json\/wp\/v2\/product_cat?post=22516"},{"taxonomy":"product_tag","embeddable":true,"href":"https:\/\/seecon.de\/en\/wp-json\/wp\/v2\/product_tag?post=22516"}],"curies":[{"name":"wp","href":"https:\/\/api.w.org\/{rel}","templated":true}]}}