{"id":22517,"date":"2026-04-16T19:37:25","date_gmt":"2026-04-16T19:37:25","guid":{"rendered":"https:\/\/seecon.de\/?post_type=product&#038;p=22517"},"modified":"2026-04-27T14:05:52","modified_gmt":"2026-04-27T14:05:52","slug":"windpark-sonnenberg-oschersleben-feldhamsterkonzept","status":"publish","type":"product","link":"https:\/\/seecon.de\/en\/product\/windpark-sonnenberg-oschersleben-feldhamsterkonzept\/","title":{"rendered":"Windpark Sonnenberg Oschersleben &#8211; Feldhamsterkonzept"},"content":{"rendered":"<p>Im ca.\u00a0810 ha\u00a0gro\u00dfen Plangebiet befindet sich auf Fl\u00e4chen der Einheitsgemeinden\u00a0Gro\u00df Germersleben,\u00a0Klein Oschersleben\u00a0und\u00a0Peseckendorf\u00a0der\u00a0Windpark Sonnenberg.<\/p>\n<p>Der Windpark besteht seit\u00a02005\u00a0und umfasst\u00a038 Windenergieanlagen (WEA).<\/p>\n<p>Der Betreiber des Windparks Sonnenberg, die\u00a0ENERTRAG Windfeld Sonnenberg GmbH &amp; Co. KG\u00a0sowie die\u00a0ENERTRAG Windfeld Sonnenberg III GmbH &amp; Co. KG, plant, die bestehenden, alten WEA nach Ablauf der F\u00f6rderperiode durch neue, effizientere und leistungsst\u00e4rkere zu ersetzen.<\/p>\n<p>Die\u00a0seecon Ingenieure\u00a0erarbeiten die Unterlagen zum\u00a0Bebauungsplan\u00a0sowie der\u00a0FNP-Teil\u00e4nderung\u00a0und f\u00fchren zusammen mit der\u00a0Stadt Oschersleben\u00a0das Planverfahren durch alle Leistungsphasen bis zum\u00a0Satzungsbeschluss\u00a0durch.<\/p>\n<p>Da im Zuge der Projektrealisierung eine Betroffenheit des\u00a0Feldhamsters (Cricetus cricetus)\u00a0nicht vollst\u00e4ndig ausgeschlossen werden kann, wurde ein\u00a0Konzept zur Sicherung der lokalen Population\u00a0sowie der\u00a0Vermeidung artenschutzrechtlicher Verbotstatbest\u00e4nde gem\u00e4\u00df \u00a7 44 Bundesnaturschutzgesetz (BNatSchG)\u00a0erarbeitet.<\/p>\n<p>Ziel des Konzepts ist die fachgerechte Ber\u00fccksichtigung von Individuen im Eingriffsbereich unter Beachtung der artenschutzrechtlichen Anforderungen. Hierzu wurden geeignete Umsiedlungsfl\u00e4chen definiert sowie Ma\u00dfnahmen zur Fl\u00e4chenausgestaltung und hamsterfreundlichen Bewirtschaftung festgelegt.<\/p>\n<p>Erg\u00e4nzend enth\u00e4lt das Konzept Vorgaben zur Durchf\u00fchrung der Umsiedlung sowie zu Monitoring- und Schutzma\u00dfnahmen zur langfristigen Sicherung der Population. Dar\u00fcber hinaus gew\u00e4hrleisten diese Ma\u00dfnahmen einen st\u00f6rungsfreien und planm\u00e4\u00dfigen Bauablauf, sodass das Vorhaben ohne erhebliche Beeintr\u00e4chtigungen f\u00fcr Umwelt und Projektumsetzung realisiert werden kann.<\/p>\n<p>Die konzeptionelle Erarbeitung erfolgte in enger Abstimmung mit der zust\u00e4ndigen Naturschutzbeh\u00f6rde und der Stiftung\u00a0Kulturlandschaft Sachsen-Anhalt.<\/p>","protected":false},"excerpt":{"rendered":"<table width=\"656\">\n<tbody>\n<tr>\n<td width=\"212\"><strong>Category<\/strong><\/td>\n<\/tr>\n<tr>\n<td width=\"212\">Konzeption, Ma\u00dfnahmen zum Artenschutz und zur Biotopentwicklung<\/td>\n<\/tr>\n<tr>\n<td width=\"212\"><strong>Auftraggeber<\/strong><\/td>\n<\/tr>\n<tr>\n<td width=\"212\">ENERTRAG SE<\/td>\n<\/tr>\n<tr>\n<td width=\"212\"><strong>Auftragsvolumen<\/strong><\/td>\n<\/tr>\n<tr>\n<td width=\"212\">10.000 EUR<\/td>\n<\/tr>\n<tr>\n<td width=\"212\"><strong>Period<\/strong><\/td>\n<\/tr>\n<tr>\n<td width=\"212\">01.2026 \u2013 05.2026<\/td>\n<\/tr>\n<tr>\n<td width=\"212\"><strong>Leistungsumfang<\/strong><\/td>\n<\/tr>\n<tr>\n<td width=\"212\">Feldhamsterkonzept<\/td>\n<\/tr>\n<\/tbody>\n<\/table>","protected":false},"featured_media":22485,"template":"","meta":{"_acf_changed":false},"product_brand":[],"product_cat":[39],"product_tag":[],"class_list":{"0":"post-22517","1":"product","2":"type-product","3":"status-publish","4":"has-post-thumbnail","6":"product_cat-natur-wasser","8":"first","9":"instock","10":"shipping-taxable","11":"product-type-simple"},"acf":[],"aioseo_notices":[],"_links":{"self":[{"href":"https:\/\/seecon.de\/en\/wp-json\/wp\/v2\/product\/22517","targetHints":{"allow":["GET"]}}],"collection":[{"href":"https:\/\/seecon.de\/en\/wp-json\/wp\/v2\/product"}],"about":[{"href":"https:\/\/seecon.de\/en\/wp-json\/wp\/v2\/types\/product"}],"wp:featuredmedia":[{"embeddable":true,"href":"https:\/\/seecon.de\/en\/wp-json\/wp\/v2\/media\/22485"}],"wp:attachment":[{"href":"https:\/\/seecon.de\/en\/wp-json\/wp\/v2\/media?parent=22517"}],"wp:term":[{"taxonomy":"product_brand","embeddable":true,"href":"https:\/\/seecon.de\/en\/wp-json\/wp\/v2\/product_brand?post=22517"},{"taxonomy":"product_cat","embeddable":true,"href":"https:\/\/seecon.de\/en\/wp-json\/wp\/v2\/product_cat?post=22517"},{"taxonomy":"product_tag","embeddable":true,"href":"https:\/\/seecon.de\/en\/wp-json\/wp\/v2\/product_tag?post=22517"}],"curies":[{"name":"wp","href":"https:\/\/api.w.org\/{rel}","templated":true}]}}