{"id":22518,"date":"2026-04-16T19:37:27","date_gmt":"2026-04-16T19:37:27","guid":{"rendered":"https:\/\/seecon.de\/?post_type=product&#038;p=22518"},"modified":"2026-04-27T13:04:59","modified_gmt":"2026-04-27T13:04:59","slug":"neubau-von-schwimmsteganlagen-fuer-wassertouristen-an-der-saale","status":"publish","type":"product","link":"https:\/\/seecon.de\/en\/product\/neubau-von-schwimmsteganlagen-fuer-wassertouristen-an-der-saale\/","title":{"rendered":"NEUBAU VON SCHWIMMSTEGANLAGEN F\u00dcR WASSERTOURISTEN AN DER  SAALE"},"content":{"rendered":"<p>Im Naturpark \u201eUnteres Saaletal\u201c plante der Salzlandkreis den Neubau von 7 Schwimmsteganlagen entlang der Bundeswasserstra\u00dfe Saale. Der Salzlandkreis fungiert hierbei als b\u00fcndelnder Projektpartner f\u00fcr die einzelnen Standorte K\u00f6nnern, Alsleben, Gro\u00dfwirschleben, Gr\u00f6na, Bernburg, Nienburg und Calbe. Dieses durch F\u00f6rdermittel gest\u00fctzte Projekt bietet Ein- und Mehrtagestouristen Anlegem\u00f6glichkeiten, ganz gleich, ob sie mit dem Kanu, Paddel-, Motor- oder Hausboot auf der Saale unterwegs sind.<\/p>\n<p>Je Standort war zus\u00e4tzlich zur Schwimmsteganlage mit Zugangsbr\u00fccke ein Weg in unterschiedlicher L\u00e4nge vorzusehen, der die Steganlage mit dem vorhandenen Wegenetz verbindet. Die Schwimmsteganlagen waren in Anlehnung an die Richtlinie f\u00fcr die Gestaltung von Wassersportanlagen an Binnenwasserstra\u00dfen (RiGeW) des Bundesministeriums f\u00fcr Verkehr, Bau und Stadtentwicklung zu planen. Aufgrund der \u00f6rtlichen Gegebenheiten (H\u00f6he und Steigung des Uferbereiches, unterschiedliche Verh\u00e4ltnisse und Anbindungsm\u00f6glichkeiten landw\u00e4rts) gestalteten sich die Ausbauarbeiten an den einzelnen Standorten unterschiedlich.<\/p>\n<p>Die Planung und Ausf\u00fchrung der Schwimmsteganlagen erfolgte in enger Abstimmung mit den tangierenden St\u00e4dten und Gemeinden, dem Wasser- und Schifffahrtsamt Magdeburg (WSA Magdeburg), der Au\u00dfenstelle des WSA in Bernburg sowie dem Landesbetrieb f\u00fcr Hochwasserschutz und Wasserwirtschaft Sachsen Anhalt (LHW).<\/p>\n<p>Der Vorhabenbereich befindet sich teilweise innerhalb eines Landschaftsschutzgebietes sowie innerhalb eines FFH-Gebietes. Demzufolge waren neben der wasserbaulichen Planung ein landschaftspflegerischer Begleitplan anzufertigen sowie eine FFH-Vertr\u00e4glichkeitspr\u00fcfung durchzuf\u00fchren.<\/p>\n<p>Aufbauend auf den Genehmigungsunterlagen zur Umweltplanung wurde eine landschaftspflegerische Ausf\u00fchrungsplanung erarbeitet und das Vergabeverfahren begleitet. Die Bauarbeiten wurden im Rahmen der Bau\u00fcberwachung und \u00f6kologischen Baubegleitung betreut. Die anschlie\u00dfende Begleitung der Fertigstellungs- und Entwicklungspflege erfolgt bis ca. Mai 2028.<\/p>","protected":false},"excerpt":{"rendered":"<table width=\"656\">\n<tbody>\n<tr>\n<td width=\"212\"><strong>Category<\/strong><\/td>\n<\/tr>\n<tr>\n<td width=\"212\">Freianlagenplanung, Landschaftspflege rischer Begleitplan, Umweltvertr\u00e4glichkeitsstudie, Wasserbau<\/td>\n<\/tr>\n<tr>\n<td width=\"212\"><strong>Kunde<\/strong><\/td>\n<\/tr>\n<tr>\n<td width=\"212\">Salzlandkreis<br \/>\nAnsprechpartner: Frau Barchend<br \/>\nTelefon: +49 3471 6841282<\/td>\n<\/tr>\n<tr>\n<td width=\"212\"><strong>Period<\/strong><\/td>\n<\/tr>\n<tr>\n<td width=\"212\">2020 \u2013 2028<\/td>\n<\/tr>\n<tr>\n<td width=\"212\"><strong>Performance components<\/strong><\/td>\n<\/tr>\n<tr>\n<td width=\"212\">LP 1-9 HOAI Ingenieurbauwerke und Verkehrsanlagen, LP 1-6 HOAI Tragwerksplanung, LP 1-4 HOAI Freianlagen, LP 5-9 HOAI Freianlagen, Landschaftspflegerischer Begleitplan, \u00d6rtliche Bau\u00fcberwachung, FFH-Vorpr\u00fcfung, FFH-Vertr\u00e4glichkeitspr\u00fcfung, Artenschutzfachbeitrag, umfangreiche Kartierungsleistungen, Variantenuntersuchung, Baugrundgutachten, Beratungsleitung Baugrund\/Geotechnik, Vermessungsleistungen, \u00d6kologische Baubegleitung, Landschaftspflegerische Ausf\u00fchrungsplanung<\/td>\n<\/tr>\n<tr>\n<td width=\"212\"><strong>Honorar<\/strong><\/td>\n<\/tr>\n<tr>\n<td width=\"212\">414.927 EUR<\/td>\n<\/tr>\n<tr>\n<td width=\"212\"><strong>Anrechenbare Baukosten<\/strong><\/td>\n<\/tr>\n<tr>\n<td width=\"212\">2,42 Mio. EUR<\/td>\n<\/tr>\n<\/tbody>\n<\/table>","protected":false},"featured_media":22485,"template":"","meta":{"_acf_changed":false},"product_brand":[],"product_cat":[39],"product_tag":[],"class_list":{"0":"post-22518","1":"product","2":"type-product","3":"status-publish","4":"has-post-thumbnail","6":"product_cat-natur-wasser","8":"first","9":"instock","10":"shipping-taxable","11":"product-type-simple"},"acf":[],"aioseo_notices":[],"_links":{"self":[{"href":"https:\/\/seecon.de\/en\/wp-json\/wp\/v2\/product\/22518","targetHints":{"allow":["GET"]}}],"collection":[{"href":"https:\/\/seecon.de\/en\/wp-json\/wp\/v2\/product"}],"about":[{"href":"https:\/\/seecon.de\/en\/wp-json\/wp\/v2\/types\/product"}],"wp:featuredmedia":[{"embeddable":true,"href":"https:\/\/seecon.de\/en\/wp-json\/wp\/v2\/media\/22485"}],"wp:attachment":[{"href":"https:\/\/seecon.de\/en\/wp-json\/wp\/v2\/media?parent=22518"}],"wp:term":[{"taxonomy":"product_brand","embeddable":true,"href":"https:\/\/seecon.de\/en\/wp-json\/wp\/v2\/product_brand?post=22518"},{"taxonomy":"product_cat","embeddable":true,"href":"https:\/\/seecon.de\/en\/wp-json\/wp\/v2\/product_cat?post=22518"},{"taxonomy":"product_tag","embeddable":true,"href":"https:\/\/seecon.de\/en\/wp-json\/wp\/v2\/product_tag?post=22518"}],"curies":[{"name":"wp","href":"https:\/\/api.w.org\/{rel}","templated":true}]}}