{"id":22519,"date":"2026-04-16T19:37:28","date_gmt":"2026-04-16T19:37:28","guid":{"rendered":"https:\/\/seecon.de\/?post_type=product&#038;p=22519"},"modified":"2026-04-27T13:11:08","modified_gmt":"2026-04-27T13:11:08","slug":"offenland-biotopkartierung-obk-2-1","status":"publish","type":"product","link":"https:\/\/seecon.de\/en\/product\/offenland-biotopkartierung-obk-2-1\/","title":{"rendered":"OFFENLAND-BIOTOPKARTIERUNG (OBK 2.1)"},"content":{"rendered":"<p>In den Jahren 2020\u20132023 werden im Auftrag des Th\u00fcringer Ministeriums f\u00fcr Umwelt, Energie und Naturschutz (TMUEN) durch das Th\u00fcringer Landesamt f\u00fcr Umwelt, Bergbau und Naturschutz (TLUBN) in acht Landkreisen die Daten der landesweiten Biotopkartierung aktualisiert. Mit der Koordinierung der Biotopkartierung wurden die seecon Ingenieure beauftragt. Zentrale Aufgaben sind dabei:<\/p>\n<ul>\n<li><strong>Organisation:<\/strong>\u00a0Einholung von Genehmigungen, Vermittlung von Kontakten, \u00f6ffentliche Bekanntmachung der Kartierung.<\/li>\n<li><strong>Project control:<\/strong>\u00a0Erarbeitung und Kontrolle von Zeitpl\u00e4nen und Budget.<\/li>\n<li><strong>Qualit\u00e4tssicherung:<\/strong>\u00a0Organisation und Durchf\u00fchrung von Schulungen, fachliche Begleitung der Kartierer, stichprobenhafte \u00dcberpr\u00fcfung der Gel\u00e4ndearbeiten und der \u00fcbermittelten Daten.<\/li>\n<li><strong>B\u00fcndelung des Informationsflusses:<\/strong>\u00a0seecon ist zentraler fachlicher und organisatorischer Ansprechpartner f\u00fcr die Kartierb\u00fcros und weitestgehend alleiniger Ansprechpartner f\u00fcr das TLUBN.<\/li>\n<\/ul>","protected":false},"excerpt":{"rendered":"<table width=\"656\">\n<tbody>\n<tr>\n<td width=\"212\"><strong>Category<\/strong><\/td>\n<\/tr>\n<tr>\n<td width=\"212\">Natur&amp;Landschaft<\/td>\n<\/tr>\n<tr>\n<td width=\"212\"><strong>Kunde<\/strong><\/td>\n<\/tr>\n<tr>\n<td width=\"212\">Thuringian State Office for the Environment<br \/>\nAnsprechpartner: Korsch<\/td>\n<\/tr>\n<tr>\n<td width=\"212\"><strong>Period<\/strong><\/td>\n<\/tr>\n<tr>\n<td width=\"212\">2020 - 2023<\/td>\n<\/tr>\n<tr>\n<td width=\"212\"><strong>Performance components<\/strong><\/td>\n<\/tr>\n<tr>\n<td width=\"212\">Qualit\u00e4tssicherung, Projektmanagement, Biotopkartierung<\/td>\n<\/tr>\n<tr>\n<td width=\"212\"><strong>Honorar<\/strong><\/td>\n<\/tr>\n<tr>\n<td width=\"212\">556.000 EUR<\/td>\n<\/tr>\n<\/tbody>\n<\/table>","protected":false},"featured_media":22485,"template":"","meta":{"_acf_changed":false},"product_brand":[],"product_cat":[39],"product_tag":[],"class_list":{"0":"post-22519","1":"product","2":"type-product","3":"status-publish","4":"has-post-thumbnail","6":"product_cat-natur-wasser","8":"first","9":"instock","10":"shipping-taxable","11":"product-type-simple"},"acf":[],"aioseo_notices":[],"_links":{"self":[{"href":"https:\/\/seecon.de\/en\/wp-json\/wp\/v2\/product\/22519","targetHints":{"allow":["GET"]}}],"collection":[{"href":"https:\/\/seecon.de\/en\/wp-json\/wp\/v2\/product"}],"about":[{"href":"https:\/\/seecon.de\/en\/wp-json\/wp\/v2\/types\/product"}],"wp:featuredmedia":[{"embeddable":true,"href":"https:\/\/seecon.de\/en\/wp-json\/wp\/v2\/media\/22485"}],"wp:attachment":[{"href":"https:\/\/seecon.de\/en\/wp-json\/wp\/v2\/media?parent=22519"}],"wp:term":[{"taxonomy":"product_brand","embeddable":true,"href":"https:\/\/seecon.de\/en\/wp-json\/wp\/v2\/product_brand?post=22519"},{"taxonomy":"product_cat","embeddable":true,"href":"https:\/\/seecon.de\/en\/wp-json\/wp\/v2\/product_cat?post=22519"},{"taxonomy":"product_tag","embeddable":true,"href":"https:\/\/seecon.de\/en\/wp-json\/wp\/v2\/product_tag?post=22519"}],"curies":[{"name":"wp","href":"https:\/\/api.w.org\/{rel}","templated":true}]}}