{"id":22538,"date":"2026-04-27T12:36:29","date_gmt":"2026-04-27T12:36:29","guid":{"rendered":"https:\/\/seecon.de\/?post_type=product&#038;p=22538"},"modified":"2026-04-27T12:50:56","modified_gmt":"2026-04-27T12:50:56","slug":"errichtung-von-ein-und-ausstiegen-fuer-wasserwanderer-an-der-bode-im-salzlandkreis","status":"publish","type":"product","link":"https:\/\/seecon.de\/en\/product\/errichtung-von-ein-und-ausstiegen-fuer-wasserwanderer-an-der-bode-im-salzlandkreis\/","title":{"rendered":"ERRICHTUNG VON EIN- UND AUSSTIEGEN F\u00dcR WASSERWANDERER AN DER  BODE IM SALZLANDKREIS"},"content":{"rendered":"<p>Gegenstand der Planung war die Errichtung von acht Ein- und Ausstiegen f\u00fcr Wassersportler in Form von Treppenanlagen. Entlang der Bode, einem Flie\u00dfgew\u00e4sser I. Ordnung, wurde dieses durch F\u00f6rdermittel gebundene Vorhaben an den Standorten Etgersleben, Wolmirsleben, Unseburg, L\u00f6derburg, Sta\u00dffurt, Hohenerxleben, L\u00f6bnitz (Bode) und Nienburg (Saale) baulich umgesetzt. Die Treppenanlagen wurden in Beton und in Anlehnung an die Richtlinie f\u00fcr die Gestaltung von Wassersportanlagen an Binnenwasserstra\u00dfen (RiGeW) des Bundesministeriums f\u00fcr Verkehr, Bau und Stadtentwicklung geplant.<\/p>\n<p>Die Bootsanleger wurden an allen Standorten mit zwei parallel nebeneinander angeordneten Treppen ausgef\u00fchrt, die baugleich spiegelverkehrt geplant sind. Ihre Breite betr\u00e4gt jeweils 2,50 m. Zueinander haben die Treppen einen lichten Abstand von 1,0 m. Damit lassen sich kleinere bis mittelgro\u00dfe Kanus (Kajak, Canadier) parallel zum Gew\u00e4sser zu zweit in das Wasser einsetzen. Aufgrund der \u00f6rtlichen Gegebenheiten (H\u00f6he und Steigung des Uferbereiches) gestalteten sich die Ausbauarbeiten an den einzelnen Standorten unterschiedlich. F\u00fcr die Wasserhaltung und Gr\u00fcndung der Treppenbauwerke wurden abh\u00e4ngig von den jeweiligen Baugrundverh\u00e4ltnissen Spundw\u00e4nde und Brunnengr\u00fcndungen vorgesehen. Am Standort Sta\u00dffurt wurde zus\u00e4tzlich eine Zuwegung \u00fcber die bestehende Deichanlage geplant.<\/p>\n<p>Der Vorhabenbereich befindet sich innerhalb zweier Landschaftsschutzgebiete sowie teilweise innerhalb eines FFH-Gebietes. Demzufolge waren neben der wasserbaulichen Planung ein landschaftspflegerischer Begleitplan und ein Artenschutzfachbeitrag anzufertigen sowie eine FFH-Vertr\u00e4glichkeitspr\u00fcfung durchzuf\u00fchren.<\/p>\n<p>Aufbauend auf den Genehmigungsunterlagen zur Umweltplanung wurde eine landschaftspflegerische Ausf\u00fchrungsplanung erarbeitet und das Vergabeverfahren begleitet. Die Bauarbeiten wurden im Rahmen der Bau\u00fcberwachung und \u00f6kologischen Baubegleitung betreut. Die anschlie\u00dfende Begleitung der Fertigstellungs- und Entwicklungspflege erfolgt bis ca. M\u00e4rz 2028.<\/p>","protected":false},"excerpt":{"rendered":"<table width=\"656\">\n<tbody>\n<tr>\n<td width=\"212\"><strong>Category<\/strong><\/td>\n<\/tr>\n<tr>\n<td width=\"212\">Artenschutzrechtlicher Fachbeitrag, Freianlagenplanung, Landschaftspflegerischer Begleitplan, Umweltvertr\u00e4glichkeitsstudie, Wasserbau<\/td>\n<\/tr>\n<tr>\n<td width=\"212\"><strong>Kunde<\/strong><\/td>\n<\/tr>\n<tr>\n<td width=\"212\">Salzlandkreis<br \/>\nAnsprechpartner: Frau Wolter<br \/>\nTelefon: +49 3471 6841803<\/td>\n<\/tr>\n<tr>\n<td width=\"212\"><strong>Period<\/strong><\/td>\n<\/tr>\n<tr>\n<td width=\"212\">2020 \u2013 2028<\/td>\n<\/tr>\n<tr>\n<td width=\"212\"><strong>Performance components<\/strong><\/td>\n<\/tr>\n<tr>\n<td width=\"212\">umfangreiche Kartierungsleistungen, LP 1-9 HOAI Ingenieurbauwerke, Tragwerksplanung, Vermessungsleistungen, Baugrundgutachten, Beratungsleitung Baugrund\/Geotechnik, Landschaftspflegerischer Begleitplan, Artenschutzfachbeitrag, FFH-Vorpr\u00fcfung, FFH-Vertr\u00e4glichkeitspr\u00fcfung, \u00d6rtliche Bau\u00fcberwachung, \u00d6kologische Baubegleitung, Landschaftspflegerische Ausf\u00fchrungsplanung<\/td>\n<\/tr>\n<tr>\n<td width=\"212\"><strong>Honorar<\/strong><\/td>\n<\/tr>\n<tr>\n<td width=\"212\">115.500 EUR<\/td>\n<\/tr>\n<tr>\n<td width=\"212\"><strong>Anrechenbare Baukosten<\/strong><\/td>\n<\/tr>\n<tr>\n<td width=\"212\">665.500 EUR<\/td>\n<\/tr>\n<\/tbody>\n<\/table>","protected":false},"featured_media":22485,"template":"","meta":{"_acf_changed":false},"product_brand":[],"product_cat":[39],"product_tag":[],"class_list":{"0":"post-22538","1":"product","2":"type-product","3":"status-publish","4":"has-post-thumbnail","6":"product_cat-natur-wasser","8":"first","9":"instock","10":"virtual","11":"product-type-simple"},"acf":[],"aioseo_notices":[],"_links":{"self":[{"href":"https:\/\/seecon.de\/en\/wp-json\/wp\/v2\/product\/22538","targetHints":{"allow":["GET"]}}],"collection":[{"href":"https:\/\/seecon.de\/en\/wp-json\/wp\/v2\/product"}],"about":[{"href":"https:\/\/seecon.de\/en\/wp-json\/wp\/v2\/types\/product"}],"wp:featuredmedia":[{"embeddable":true,"href":"https:\/\/seecon.de\/en\/wp-json\/wp\/v2\/media\/22485"}],"wp:attachment":[{"href":"https:\/\/seecon.de\/en\/wp-json\/wp\/v2\/media?parent=22538"}],"wp:term":[{"taxonomy":"product_brand","embeddable":true,"href":"https:\/\/seecon.de\/en\/wp-json\/wp\/v2\/product_brand?post=22538"},{"taxonomy":"product_cat","embeddable":true,"href":"https:\/\/seecon.de\/en\/wp-json\/wp\/v2\/product_cat?post=22538"},{"taxonomy":"product_tag","embeddable":true,"href":"https:\/\/seecon.de\/en\/wp-json\/wp\/v2\/product_tag?post=22538"}],"curies":[{"name":"wp","href":"https:\/\/api.w.org\/{rel}","templated":true}]}}